{"id":224,"date":"2023-12-01T09:11:05","date_gmt":"2023-12-01T14:11:05","guid":{"rendered":"http:\/\/collineduchene.codeetcie.ca\/?post_type=product&#038;p=224"},"modified":"2026-01-02T11:20:22","modified_gmt":"2026-01-02T16:20:22","slug":"panier-regulier","status":"publish","type":"product","link":"https:\/\/collineduchene.com\/en\/produit\/panier-regulier\/","title":{"rendered":"Panier r\u00e9gulier"},"content":{"rendered":"<p>R\u00e9gulier ~ 2-3 personnes<\/p>\n<p><strong>38,50$<\/strong>\/semaine x 20 semaines + 28$ (contribution obligatoire au R\u00e9seau des fermier.\u00e8res de famille) &#8212; du 16 juin au 29 ocotbre 2026<\/p>\n<p><strong>*Ajoutez un abonnement d&#8217;oeufs et\/ou de pains disponible en bas de page!<\/strong><\/p>\n<h3>Exemple de contenu d&#8217;un panier r\u00e9gulier*<\/h3>\n<p><strong>D\u00e9but de saison<\/strong><\/p>\n<p>Laitue, mesclun (225 g), radis, 2x chou-rave, rabioles, betteraves, persil, 2x pac cho\u00ef, kale , fenouil.<\/p>\n<p><strong>Mi-saison<\/strong><\/p>\n<p>Carottes, concombre, tomates cerises, 2 poivrons, laitue, oignon frais, coriandre, fenouil, 2x courgettes, 2x aubergine.<\/p>\n","protected":false},"excerpt":{"rendered":"<p>R\u00e9gulier ~ 2-3 personnes 38,50$\/semaine x 20 semaines + 28$ (contribution obligatoire au R\u00e9seau des fermier.\u00e8res de famille) &#8212; du 16 juin au 29 ocotbre 2026 *Ajoutez un abonnement d&#8217;oeufs et\/ou de pains disponible en bas de page! Exemple de contenu d&#8217;un panier r\u00e9gulier* D\u00e9but de saison Laitue, mesclun (225 g), radis, 2x chou-rave, rabioles, [&hellip;]<\/p>\n","protected":false},"featured_media":566,"template":"","meta":{"_acf_changed":false},"product_brand":[],"product_cat":[20],"product_tag":[],"class_list":{"0":"post-224","1":"product","2":"type-product","3":"status-publish","4":"has-post-thumbnail","6":"product_cat-paniers","8":"first","9":"instock","10":"shipping-taxable","11":"purchasable","12":"product-type-simple"},"acf":[],"yoast_head":"<!-- This site is optimized with the Yoast SEO plugin v25.6 - https:\/\/yoast.com\/wordpress\/plugins\/seo\/ -->\n<title>Panier r\u00e9gulier - Ferme de la colline du ch\u00eane<\/title>\n<meta name=\"robots\" content=\"index, follow, max-snippet:-1, max-image-preview:large, max-video-preview:-1\" \/>\n<link rel=\"canonical\" href=\"https:\/\/collineduchene.com\/en\/produit\/panier-regulier\/\" \/>\n<meta property=\"og:locale\" content=\"en_US\" \/>\n<meta property=\"og:type\" content=\"article\" \/>\n<meta property=\"og:title\" content=\"Panier r\u00e9gulier - Ferme de la colline du ch\u00eane\" \/>\n<meta property=\"og:description\" content=\"R\u00e9gulier ~ 2-3 personnes 38,50$\/semaine x 20 semaines + 28$ (contribution obligatoire au R\u00e9seau des fermier.\u00e8res de famille) &#8212; du 16 juin au 29 ocotbre 2026 *Ajoutez un abonnement d&#8217;oeufs et\/ou de pains disponible en bas de page! Exemple de contenu d&#8217;un panier r\u00e9gulier* D\u00e9but de saison Laitue, mesclun (225 g), radis, 2x chou-rave, rabioles, [&hellip;]\" \/>\n<meta property=\"og:url\" content=\"https:\/\/collineduchene.com\/en\/produit\/panier-regulier\/\" \/>\n<meta property=\"og:site_name\" content=\"Ferme de la colline du ch\u00eane\" \/>\n<meta property=\"article:publisher\" content=\"https:\/\/www.facebook.com\/FermeDeLaCollineDuCheneCooperativeDeSolidarite\/\" \/>\n<meta property=\"article:modified_time\" content=\"2026-01-02T16:20:22+00:00\" \/>\n<meta property=\"og:image\" content=\"https:\/\/collineduchene.com\/wp-content\/uploads\/2023\/12\/417226123_886101226554585_6206865668487428321_n.png\" \/>\n\t<meta property=\"og:image:width\" content=\"500\" \/>\n\t<meta property=\"og:image:height\" content=\"500\" \/>\n\t<meta property=\"og:image:type\" content=\"image\/png\" \/>\n<meta name=\"twitter:card\" content=\"summary_large_image\" \/>\n<meta name=\"twitter:label1\" content=\"Est. reading time\" \/>\n\t<meta name=\"twitter:data1\" content=\"1 minute\" \/>\n<script type=\"application\/ld+json\" class=\"yoast-schema-graph\">{\"@context\":\"https:\/\/schema.org\",\"@graph\":[{\"@type\":\"WebPage\",\"@id\":\"https:\/\/collineduchene.com\/en\/produit\/panier-regulier\/\",\"url\":\"https:\/\/collineduchene.com\/en\/produit\/panier-regulier\/\",\"name\":\"Panier r\u00e9gulier - Ferme de la colline du ch\u00eane\",\"isPartOf\":{\"@id\":\"https:\/\/collineduchene.com\/en\/#website\"},\"primaryImageOfPage\":{\"@id\":\"https:\/\/collineduchene.com\/en\/produit\/panier-regulier\/#primaryimage\"},\"image\":{\"@id\":\"https:\/\/collineduchene.com\/en\/produit\/panier-regulier\/#primaryimage\"},\"thumbnailUrl\":\"https:\/\/collineduchene.com\/wp-content\/uploads\/2023\/12\/417226123_886101226554585_6206865668487428321_n.png\",\"datePublished\":\"2023-12-01T14:11:05+00:00\",\"dateModified\":\"2026-01-02T16:20:22+00:00\",\"breadcrumb\":{\"@id\":\"https:\/\/collineduchene.com\/en\/produit\/panier-regulier\/#breadcrumb\"},\"inLanguage\":\"en-US\",\"potentialAction\":[{\"@type\":\"ReadAction\",\"target\":[\"https:\/\/collineduchene.com\/en\/produit\/panier-regulier\/\"]}]},{\"@type\":\"ImageObject\",\"inLanguage\":\"en-US\",\"@id\":\"https:\/\/collineduchene.com\/en\/produit\/panier-regulier\/#primaryimage\",\"url\":\"https:\/\/collineduchene.com\/wp-content\/uploads\/2023\/12\/417226123_886101226554585_6206865668487428321_n.png\",\"contentUrl\":\"https:\/\/collineduchene.com\/wp-content\/uploads\/2023\/12\/417226123_886101226554585_6206865668487428321_n.png\",\"width\":500,\"height\":500},{\"@type\":\"BreadcrumbList\",\"@id\":\"https:\/\/collineduchene.com\/en\/produit\/panier-regulier\/#breadcrumb\",\"itemListElement\":[{\"@type\":\"ListItem\",\"position\":1,\"name\":\"Accueil\",\"item\":\"https:\/\/collineduchene.com\/en\/\"},{\"@type\":\"ListItem\",\"position\":2,\"name\":\"Protected: Boutique\",\"item\":\"https:\/\/collineduchene.com\/en\/shop\/\"},{\"@type\":\"ListItem\",\"position\":3,\"name\":\"Panier r\u00e9gulier\"}]},{\"@type\":\"WebSite\",\"@id\":\"https:\/\/collineduchene.com\/en\/#website\",\"url\":\"https:\/\/collineduchene.com\/en\/\",\"name\":\"Ferme de la colline du ch\u00eane\",\"description\":\"\",\"publisher\":{\"@id\":\"https:\/\/collineduchene.com\/en\/#organization\"},\"potentialAction\":[{\"@type\":\"SearchAction\",\"target\":{\"@type\":\"EntryPoint\",\"urlTemplate\":\"https:\/\/collineduchene.com\/en\/?s={search_term_string}\"},\"query-input\":{\"@type\":\"PropertyValueSpecification\",\"valueRequired\":true,\"valueName\":\"search_term_string\"}}],\"inLanguage\":\"en-US\"},{\"@type\":\"Organization\",\"@id\":\"https:\/\/collineduchene.com\/en\/#organization\",\"name\":\"Ferme de la colline du ch\u00eane\",\"url\":\"https:\/\/collineduchene.com\/en\/\",\"logo\":{\"@type\":\"ImageObject\",\"inLanguage\":\"en-US\",\"@id\":\"https:\/\/collineduchene.com\/en\/#\/schema\/logo\/image\/\",\"url\":\"http:\/\/collineduchene.codeetcie.ca\/wp-content\/uploads\/2023\/12\/logo-new.png\",\"contentUrl\":\"http:\/\/collineduchene.codeetcie.ca\/wp-content\/uploads\/2023\/12\/logo-new.png\",\"width\":1108,\"height\":319,\"caption\":\"Ferme de la colline du ch\u00eane\"},\"image\":{\"@id\":\"https:\/\/collineduchene.com\/en\/#\/schema\/logo\/image\/\"},\"sameAs\":[\"https:\/\/www.facebook.com\/FermeDeLaCollineDuCheneCooperativeDeSolidarite\/\",\"https:\/\/www.instagram.com\/colline_du_chene\/\"]}]}<\/script>\n<!-- \/ Yoast SEO plugin. -->","yoast_head_json":{"title":"Panier r\u00e9gulier - Ferme de la colline du ch\u00eane","robots":{"index":"index","follow":"follow","max-snippet":"max-snippet:-1","max-image-preview":"max-image-preview:large","max-video-preview":"max-video-preview:-1"},"canonical":"https:\/\/collineduchene.com\/en\/produit\/panier-regulier\/","og_locale":"en_US","og_type":"article","og_title":"Panier r\u00e9gulier - Ferme de la colline du ch\u00eane","og_description":"R\u00e9gulier ~ 2-3 personnes 38,50$\/semaine x 20 semaines + 28$ (contribution obligatoire au R\u00e9seau des fermier.\u00e8res de famille) &#8212; du 16 juin au 29 ocotbre 2026 *Ajoutez un abonnement d&#8217;oeufs et\/ou de pains disponible en bas de page! Exemple de contenu d&#8217;un panier r\u00e9gulier* D\u00e9but de saison Laitue, mesclun (225 g), radis, 2x chou-rave, rabioles, [&hellip;]","og_url":"https:\/\/collineduchene.com\/en\/produit\/panier-regulier\/","og_site_name":"Ferme de la colline du ch\u00eane","article_publisher":"https:\/\/www.facebook.com\/FermeDeLaCollineDuCheneCooperativeDeSolidarite\/","article_modified_time":"2026-01-02T16:20:22+00:00","og_image":[{"width":500,"height":500,"url":"https:\/\/collineduchene.com\/wp-content\/uploads\/2023\/12\/417226123_886101226554585_6206865668487428321_n.png","type":"image\/png"}],"twitter_card":"summary_large_image","twitter_misc":{"Est. reading time":"1 minute"},"schema":{"@context":"https:\/\/schema.org","@graph":[{"@type":"WebPage","@id":"https:\/\/collineduchene.com\/en\/produit\/panier-regulier\/","url":"https:\/\/collineduchene.com\/en\/produit\/panier-regulier\/","name":"Panier r\u00e9gulier - Ferme de la colline du ch\u00eane","isPartOf":{"@id":"https:\/\/collineduchene.com\/en\/#website"},"primaryImageOfPage":{"@id":"https:\/\/collineduchene.com\/en\/produit\/panier-regulier\/#primaryimage"},"image":{"@id":"https:\/\/collineduchene.com\/en\/produit\/panier-regulier\/#primaryimage"},"thumbnailUrl":"https:\/\/collineduchene.com\/wp-content\/uploads\/2023\/12\/417226123_886101226554585_6206865668487428321_n.png","datePublished":"2023-12-01T14:11:05+00:00","dateModified":"2026-01-02T16:20:22+00:00","breadcrumb":{"@id":"https:\/\/collineduchene.com\/en\/produit\/panier-regulier\/#breadcrumb"},"inLanguage":"en-US","potentialAction":[{"@type":"ReadAction","target":["https:\/\/collineduchene.com\/en\/produit\/panier-regulier\/"]}]},{"@type":"ImageObject","inLanguage":"en-US","@id":"https:\/\/collineduchene.com\/en\/produit\/panier-regulier\/#primaryimage","url":"https:\/\/collineduchene.com\/wp-content\/uploads\/2023\/12\/417226123_886101226554585_6206865668487428321_n.png","contentUrl":"https:\/\/collineduchene.com\/wp-content\/uploads\/2023\/12\/417226123_886101226554585_6206865668487428321_n.png","width":500,"height":500},{"@type":"BreadcrumbList","@id":"https:\/\/collineduchene.com\/en\/produit\/panier-regulier\/#breadcrumb","itemListElement":[{"@type":"ListItem","position":1,"name":"Accueil","item":"https:\/\/collineduchene.com\/en\/"},{"@type":"ListItem","position":2,"name":"Protected: Boutique","item":"https:\/\/collineduchene.com\/en\/shop\/"},{"@type":"ListItem","position":3,"name":"Panier r\u00e9gulier"}]},{"@type":"WebSite","@id":"https:\/\/collineduchene.com\/en\/#website","url":"https:\/\/collineduchene.com\/en\/","name":"Ferme de la colline du ch\u00eane","description":"","publisher":{"@id":"https:\/\/collineduchene.com\/en\/#organization"},"potentialAction":[{"@type":"SearchAction","target":{"@type":"EntryPoint","urlTemplate":"https:\/\/collineduchene.com\/en\/?s={search_term_string}"},"query-input":{"@type":"PropertyValueSpecification","valueRequired":true,"valueName":"search_term_string"}}],"inLanguage":"en-US"},{"@type":"Organization","@id":"https:\/\/collineduchene.com\/en\/#organization","name":"Ferme de la colline du ch\u00eane","url":"https:\/\/collineduchene.com\/en\/","logo":{"@type":"ImageObject","inLanguage":"en-US","@id":"https:\/\/collineduchene.com\/en\/#\/schema\/logo\/image\/","url":"http:\/\/collineduchene.codeetcie.ca\/wp-content\/uploads\/2023\/12\/logo-new.png","contentUrl":"http:\/\/collineduchene.codeetcie.ca\/wp-content\/uploads\/2023\/12\/logo-new.png","width":1108,"height":319,"caption":"Ferme de la colline du ch\u00eane"},"image":{"@id":"https:\/\/collineduchene.com\/en\/#\/schema\/logo\/image\/"},"sameAs":["https:\/\/www.facebook.com\/FermeDeLaCollineDuCheneCooperativeDeSolidarite\/","https:\/\/www.instagram.com\/colline_du_chene\/"]}]}},"_links":{"self":[{"href":"https:\/\/collineduchene.com\/en\/wp-json\/wp\/v2\/product\/224","targetHints":{"allow":["GET"]}}],"collection":[{"href":"https:\/\/collineduchene.com\/en\/wp-json\/wp\/v2\/product"}],"about":[{"href":"https:\/\/collineduchene.com\/en\/wp-json\/wp\/v2\/types\/product"}],"wp:featuredmedia":[{"embeddable":true,"href":"https:\/\/collineduchene.com\/en\/wp-json\/wp\/v2\/media\/566"}],"wp:attachment":[{"href":"https:\/\/collineduchene.com\/en\/wp-json\/wp\/v2\/media?parent=224"}],"wp:term":[{"taxonomy":"product_brand","embeddable":true,"href":"https:\/\/collineduchene.com\/en\/wp-json\/wp\/v2\/product_brand?post=224"},{"taxonomy":"product_cat","embeddable":true,"href":"https:\/\/collineduchene.com\/en\/wp-json\/wp\/v2\/product_cat?post=224"},{"taxonomy":"product_tag","embeddable":true,"href":"https:\/\/collineduchene.com\/en\/wp-json\/wp\/v2\/product_tag?post=224"}],"curies":[{"name":"wp","href":"https:\/\/api.w.org\/{rel}","templated":true}]}}