{"id":1673,"date":"2025-03-12T17:11:42","date_gmt":"2025-03-12T21:11:42","guid":{"rendered":"https:\/\/collineduchene.com\/?post_type=product&#038;p=1673"},"modified":"2026-04-08T13:23:14","modified_gmt":"2026-04-08T17:23:14","slug":"bette-a-carde-rainbow-blend","status":"publish","type":"product","link":"https:\/\/collineduchene.com\/en\/produit\/bette-a-carde-rainbow-blend\/","title":{"rendered":"Bette-\u00e0-carde &#8211; M\u00e9lange Arc-en-ciel"},"content":{"rendered":"<p>Cette vari\u00e9t\u00e9 de bette-\u00e0-carde (qu&#8217;on appelle aussi la &#8216;blette&#8217;) se d\u00e9marque par ses couleurs vives et frappantes &#8211; du rouge, rose, blanc, jaune et orange &#8211; qui font d&#8217;elle un choix int\u00e9ressant pour les am\u00e9nagements paysagers comestibles.<\/p>\n<p>Facile \u00e0 cultiver, et abondante toute la saison, la bette-\u00e0-carde est un r\u00e9gal pour les yeux et les papilles ! Ses tiges se pr\u00e9parent comme le c\u00e9leri alors que ses feuilles s&#8217;apparentent davantage \u00e0 l&#8217;\u00e9pinard; on la mange en salade ou en saut\u00e9.<\/p>\n","protected":false},"excerpt":{"rendered":"<p>Cette vari\u00e9t\u00e9 de bette-\u00e0-carde (qu&#8217;on appelle aussi la &#8216;blette&#8217;) se d\u00e9marque par ses couleurs vives et frappantes &#8211; du rouge, rose, blanc, jaune et orange &#8211; qui font d&#8217;elle un choix int\u00e9ressant pour les am\u00e9nagements paysagers comestibles. Facile \u00e0 cultiver, et abondante toute la saison, la bette-\u00e0-carde est un r\u00e9gal pour les yeux et les [&hellip;]<\/p>\n","protected":false},"featured_media":1679,"template":"","meta":{"_acf_changed":false},"product_brand":[],"product_cat":[37],"product_tag":[],"class_list":{"0":"post-1673","1":"product","2":"type-product","3":"status-publish","4":"has-post-thumbnail","6":"product_cat-plants","8":"first","9":"instock","10":"shipping-taxable","11":"purchasable","12":"product-type-simple"},"acf":[],"yoast_head":"<!-- This site is optimized with the Yoast SEO plugin v25.6 - https:\/\/yoast.com\/wordpress\/plugins\/seo\/ -->\n<title>Bette-\u00e0-carde - M\u00e9lange Arc-en-ciel - Ferme de la colline du ch\u00eane<\/title>\n<meta name=\"robots\" content=\"index, follow, max-snippet:-1, max-image-preview:large, max-video-preview:-1\" \/>\n<link rel=\"canonical\" href=\"https:\/\/collineduchene.com\/en\/produit\/bette-a-carde-rainbow-blend\/\" \/>\n<meta property=\"og:locale\" content=\"en_US\" \/>\n<meta property=\"og:type\" content=\"article\" \/>\n<meta property=\"og:title\" content=\"Bette-\u00e0-carde - M\u00e9lange Arc-en-ciel - Ferme de la colline du ch\u00eane\" \/>\n<meta property=\"og:description\" content=\"Cette vari\u00e9t\u00e9 de bette-\u00e0-carde (qu&#8217;on appelle aussi la &#8216;blette&#8217;) se d\u00e9marque par ses couleurs vives et frappantes &#8211; du rouge, rose, blanc, jaune et orange &#8211; qui font d&#8217;elle un choix int\u00e9ressant pour les am\u00e9nagements paysagers comestibles. Facile \u00e0 cultiver, et abondante toute la saison, la bette-\u00e0-carde est un r\u00e9gal pour les yeux et les [&hellip;]\" \/>\n<meta property=\"og:url\" content=\"https:\/\/collineduchene.com\/en\/produit\/bette-a-carde-rainbow-blend\/\" \/>\n<meta property=\"og:site_name\" content=\"Ferme de la colline du ch\u00eane\" \/>\n<meta property=\"article:publisher\" content=\"https:\/\/www.facebook.com\/FermeDeLaCollineDuCheneCooperativeDeSolidarite\/\" \/>\n<meta property=\"article:modified_time\" content=\"2026-04-08T17:23:14+00:00\" \/>\n<meta property=\"og:image\" content=\"https:\/\/collineduchene.com\/wp-content\/uploads\/2025\/03\/rainbow_20swiss_20chard_42d89db5-c806-42d9-8947-3525e683d75d.webp\" \/>\n\t<meta property=\"og:image:width\" content=\"440\" \/>\n\t<meta property=\"og:image:height\" content=\"316\" \/>\n\t<meta property=\"og:image:type\" content=\"image\/webp\" \/>\n<meta name=\"twitter:card\" content=\"summary_large_image\" \/>\n<meta name=\"twitter:label1\" content=\"Est. reading time\" \/>\n\t<meta name=\"twitter:data1\" content=\"1 minute\" \/>\n<script type=\"application\/ld+json\" class=\"yoast-schema-graph\">{\"@context\":\"https:\/\/schema.org\",\"@graph\":[{\"@type\":\"WebPage\",\"@id\":\"https:\/\/collineduchene.com\/en\/produit\/bette-a-carde-rainbow-blend\/\",\"url\":\"https:\/\/collineduchene.com\/en\/produit\/bette-a-carde-rainbow-blend\/\",\"name\":\"Bette-\u00e0-carde - M\u00e9lange Arc-en-ciel - Ferme de la colline du ch\u00eane\",\"isPartOf\":{\"@id\":\"https:\/\/collineduchene.com\/en\/#website\"},\"primaryImageOfPage\":{\"@id\":\"https:\/\/collineduchene.com\/en\/produit\/bette-a-carde-rainbow-blend\/#primaryimage\"},\"image\":{\"@id\":\"https:\/\/collineduchene.com\/en\/produit\/bette-a-carde-rainbow-blend\/#primaryimage\"},\"thumbnailUrl\":\"https:\/\/collineduchene.com\/wp-content\/uploads\/2025\/03\/rainbow_20swiss_20chard_42d89db5-c806-42d9-8947-3525e683d75d.webp\",\"datePublished\":\"2025-03-12T21:11:42+00:00\",\"dateModified\":\"2026-04-08T17:23:14+00:00\",\"breadcrumb\":{\"@id\":\"https:\/\/collineduchene.com\/en\/produit\/bette-a-carde-rainbow-blend\/#breadcrumb\"},\"inLanguage\":\"en-US\",\"potentialAction\":[{\"@type\":\"ReadAction\",\"target\":[\"https:\/\/collineduchene.com\/en\/produit\/bette-a-carde-rainbow-blend\/\"]}]},{\"@type\":\"ImageObject\",\"inLanguage\":\"en-US\",\"@id\":\"https:\/\/collineduchene.com\/en\/produit\/bette-a-carde-rainbow-blend\/#primaryimage\",\"url\":\"https:\/\/collineduchene.com\/wp-content\/uploads\/2025\/03\/rainbow_20swiss_20chard_42d89db5-c806-42d9-8947-3525e683d75d.webp\",\"contentUrl\":\"https:\/\/collineduchene.com\/wp-content\/uploads\/2025\/03\/rainbow_20swiss_20chard_42d89db5-c806-42d9-8947-3525e683d75d.webp\",\"width\":440,\"height\":316},{\"@type\":\"BreadcrumbList\",\"@id\":\"https:\/\/collineduchene.com\/en\/produit\/bette-a-carde-rainbow-blend\/#breadcrumb\",\"itemListElement\":[{\"@type\":\"ListItem\",\"position\":1,\"name\":\"Accueil\",\"item\":\"https:\/\/collineduchene.com\/en\/\"},{\"@type\":\"ListItem\",\"position\":2,\"name\":\"Protected: Boutique\",\"item\":\"https:\/\/collineduchene.com\/en\/shop\/\"},{\"@type\":\"ListItem\",\"position\":3,\"name\":\"Bette-\u00e0-carde &#8211; M\u00e9lange Arc-en-ciel\"}]},{\"@type\":\"WebSite\",\"@id\":\"https:\/\/collineduchene.com\/en\/#website\",\"url\":\"https:\/\/collineduchene.com\/en\/\",\"name\":\"Ferme de la colline du ch\u00eane\",\"description\":\"\",\"publisher\":{\"@id\":\"https:\/\/collineduchene.com\/en\/#organization\"},\"potentialAction\":[{\"@type\":\"SearchAction\",\"target\":{\"@type\":\"EntryPoint\",\"urlTemplate\":\"https:\/\/collineduchene.com\/en\/?s={search_term_string}\"},\"query-input\":{\"@type\":\"PropertyValueSpecification\",\"valueRequired\":true,\"valueName\":\"search_term_string\"}}],\"inLanguage\":\"en-US\"},{\"@type\":\"Organization\",\"@id\":\"https:\/\/collineduchene.com\/en\/#organization\",\"name\":\"Ferme de la colline du ch\u00eane\",\"url\":\"https:\/\/collineduchene.com\/en\/\",\"logo\":{\"@type\":\"ImageObject\",\"inLanguage\":\"en-US\",\"@id\":\"https:\/\/collineduchene.com\/en\/#\/schema\/logo\/image\/\",\"url\":\"http:\/\/collineduchene.codeetcie.ca\/wp-content\/uploads\/2023\/12\/logo-new.png\",\"contentUrl\":\"http:\/\/collineduchene.codeetcie.ca\/wp-content\/uploads\/2023\/12\/logo-new.png\",\"width\":1108,\"height\":319,\"caption\":\"Ferme de la colline du ch\u00eane\"},\"image\":{\"@id\":\"https:\/\/collineduchene.com\/en\/#\/schema\/logo\/image\/\"},\"sameAs\":[\"https:\/\/www.facebook.com\/FermeDeLaCollineDuCheneCooperativeDeSolidarite\/\",\"https:\/\/www.instagram.com\/colline_du_chene\/\"]}]}<\/script>\n<!-- \/ Yoast SEO plugin. -->","yoast_head_json":{"title":"Bette-\u00e0-carde - M\u00e9lange Arc-en-ciel - Ferme de la colline du ch\u00eane","robots":{"index":"index","follow":"follow","max-snippet":"max-snippet:-1","max-image-preview":"max-image-preview:large","max-video-preview":"max-video-preview:-1"},"canonical":"https:\/\/collineduchene.com\/en\/produit\/bette-a-carde-rainbow-blend\/","og_locale":"en_US","og_type":"article","og_title":"Bette-\u00e0-carde - M\u00e9lange Arc-en-ciel - Ferme de la colline du ch\u00eane","og_description":"Cette vari\u00e9t\u00e9 de bette-\u00e0-carde (qu&#8217;on appelle aussi la &#8216;blette&#8217;) se d\u00e9marque par ses couleurs vives et frappantes &#8211; du rouge, rose, blanc, jaune et orange &#8211; qui font d&#8217;elle un choix int\u00e9ressant pour les am\u00e9nagements paysagers comestibles. Facile \u00e0 cultiver, et abondante toute la saison, la bette-\u00e0-carde est un r\u00e9gal pour les yeux et les [&hellip;]","og_url":"https:\/\/collineduchene.com\/en\/produit\/bette-a-carde-rainbow-blend\/","og_site_name":"Ferme de la colline du ch\u00eane","article_publisher":"https:\/\/www.facebook.com\/FermeDeLaCollineDuCheneCooperativeDeSolidarite\/","article_modified_time":"2026-04-08T17:23:14+00:00","og_image":[{"width":440,"height":316,"url":"https:\/\/collineduchene.com\/wp-content\/uploads\/2025\/03\/rainbow_20swiss_20chard_42d89db5-c806-42d9-8947-3525e683d75d.webp","type":"image\/webp"}],"twitter_card":"summary_large_image","twitter_misc":{"Est. reading time":"1 minute"},"schema":{"@context":"https:\/\/schema.org","@graph":[{"@type":"WebPage","@id":"https:\/\/collineduchene.com\/en\/produit\/bette-a-carde-rainbow-blend\/","url":"https:\/\/collineduchene.com\/en\/produit\/bette-a-carde-rainbow-blend\/","name":"Bette-\u00e0-carde - M\u00e9lange Arc-en-ciel - Ferme de la colline du ch\u00eane","isPartOf":{"@id":"https:\/\/collineduchene.com\/en\/#website"},"primaryImageOfPage":{"@id":"https:\/\/collineduchene.com\/en\/produit\/bette-a-carde-rainbow-blend\/#primaryimage"},"image":{"@id":"https:\/\/collineduchene.com\/en\/produit\/bette-a-carde-rainbow-blend\/#primaryimage"},"thumbnailUrl":"https:\/\/collineduchene.com\/wp-content\/uploads\/2025\/03\/rainbow_20swiss_20chard_42d89db5-c806-42d9-8947-3525e683d75d.webp","datePublished":"2025-03-12T21:11:42+00:00","dateModified":"2026-04-08T17:23:14+00:00","breadcrumb":{"@id":"https:\/\/collineduchene.com\/en\/produit\/bette-a-carde-rainbow-blend\/#breadcrumb"},"inLanguage":"en-US","potentialAction":[{"@type":"ReadAction","target":["https:\/\/collineduchene.com\/en\/produit\/bette-a-carde-rainbow-blend\/"]}]},{"@type":"ImageObject","inLanguage":"en-US","@id":"https:\/\/collineduchene.com\/en\/produit\/bette-a-carde-rainbow-blend\/#primaryimage","url":"https:\/\/collineduchene.com\/wp-content\/uploads\/2025\/03\/rainbow_20swiss_20chard_42d89db5-c806-42d9-8947-3525e683d75d.webp","contentUrl":"https:\/\/collineduchene.com\/wp-content\/uploads\/2025\/03\/rainbow_20swiss_20chard_42d89db5-c806-42d9-8947-3525e683d75d.webp","width":440,"height":316},{"@type":"BreadcrumbList","@id":"https:\/\/collineduchene.com\/en\/produit\/bette-a-carde-rainbow-blend\/#breadcrumb","itemListElement":[{"@type":"ListItem","position":1,"name":"Accueil","item":"https:\/\/collineduchene.com\/en\/"},{"@type":"ListItem","position":2,"name":"Protected: Boutique","item":"https:\/\/collineduchene.com\/en\/shop\/"},{"@type":"ListItem","position":3,"name":"Bette-\u00e0-carde &#8211; M\u00e9lange Arc-en-ciel"}]},{"@type":"WebSite","@id":"https:\/\/collineduchene.com\/en\/#website","url":"https:\/\/collineduchene.com\/en\/","name":"Ferme de la colline du ch\u00eane","description":"","publisher":{"@id":"https:\/\/collineduchene.com\/en\/#organization"},"potentialAction":[{"@type":"SearchAction","target":{"@type":"EntryPoint","urlTemplate":"https:\/\/collineduchene.com\/en\/?s={search_term_string}"},"query-input":{"@type":"PropertyValueSpecification","valueRequired":true,"valueName":"search_term_string"}}],"inLanguage":"en-US"},{"@type":"Organization","@id":"https:\/\/collineduchene.com\/en\/#organization","name":"Ferme de la colline du ch\u00eane","url":"https:\/\/collineduchene.com\/en\/","logo":{"@type":"ImageObject","inLanguage":"en-US","@id":"https:\/\/collineduchene.com\/en\/#\/schema\/logo\/image\/","url":"http:\/\/collineduchene.codeetcie.ca\/wp-content\/uploads\/2023\/12\/logo-new.png","contentUrl":"http:\/\/collineduchene.codeetcie.ca\/wp-content\/uploads\/2023\/12\/logo-new.png","width":1108,"height":319,"caption":"Ferme de la colline du ch\u00eane"},"image":{"@id":"https:\/\/collineduchene.com\/en\/#\/schema\/logo\/image\/"},"sameAs":["https:\/\/www.facebook.com\/FermeDeLaCollineDuCheneCooperativeDeSolidarite\/","https:\/\/www.instagram.com\/colline_du_chene\/"]}]}},"_links":{"self":[{"href":"https:\/\/collineduchene.com\/en\/wp-json\/wp\/v2\/product\/1673","targetHints":{"allow":["GET"]}}],"collection":[{"href":"https:\/\/collineduchene.com\/en\/wp-json\/wp\/v2\/product"}],"about":[{"href":"https:\/\/collineduchene.com\/en\/wp-json\/wp\/v2\/types\/product"}],"wp:featuredmedia":[{"embeddable":true,"href":"https:\/\/collineduchene.com\/en\/wp-json\/wp\/v2\/media\/1679"}],"wp:attachment":[{"href":"https:\/\/collineduchene.com\/en\/wp-json\/wp\/v2\/media?parent=1673"}],"wp:term":[{"taxonomy":"product_brand","embeddable":true,"href":"https:\/\/collineduchene.com\/en\/wp-json\/wp\/v2\/product_brand?post=1673"},{"taxonomy":"product_cat","embeddable":true,"href":"https:\/\/collineduchene.com\/en\/wp-json\/wp\/v2\/product_cat?post=1673"},{"taxonomy":"product_tag","embeddable":true,"href":"https:\/\/collineduchene.com\/en\/wp-json\/wp\/v2\/product_tag?post=1673"}],"curies":[{"name":"wp","href":"https:\/\/api.w.org\/{rel}","templated":true}]}}