{"id":1205,"date":"2024-07-19T13:31:14","date_gmt":"2024-07-19T17:31:14","guid":{"rendered":"https:\/\/collineduchene.com\/?post_type=product&#038;p=1205"},"modified":"2025-03-12T12:58:05","modified_gmt":"2025-03-12T16:58:05","slug":"ail-frais","status":"publish","type":"product","link":"https:\/\/collineduchene.com\/en\/produit\/ail-frais\/","title":{"rendered":"Ail frais"},"content":{"rendered":"<p>Ail frais de la ferme disponible! 13,50$\/lbs<\/p>\n<p>* Au contraire de l&#8217;ail de conservation, l&#8217;ail frais n&#8217;a pas une aussi grande dur\u00e9e de conservation. Gardez la au r\u00e9frig\u00e9rateur afin de prolonger sa dur\u00e9e de vie. Ne peut \u00eatre conserv\u00e9e dans le garde-mang\u00e9.<\/p>\n","protected":false},"excerpt":{"rendered":"<p>Ail frais de la ferme disponible! 13,50$\/lbs * Au contraire de l&#8217;ail de conservation, l&#8217;ail frais n&#8217;a pas une aussi grande dur\u00e9e de conservation. Gardez la au r\u00e9frig\u00e9rateur afin de prolonger sa dur\u00e9e de vie. Ne peut \u00eatre conserv\u00e9e dans le garde-mang\u00e9.<\/p>\n","protected":false},"featured_media":151,"template":"","meta":{"_acf_changed":false},"product_brand":[],"product_cat":[19],"product_tag":[],"class_list":{"0":"post-1205","1":"product","2":"type-product","3":"status-publish","4":"has-post-thumbnail","6":"product_cat-non-classe","8":"first","9":"outofstock","10":"shipping-taxable","11":"purchasable","12":"product-type-simple"},"acf":[],"yoast_head":"<!-- This site is optimized with the Yoast SEO plugin v25.6 - https:\/\/yoast.com\/wordpress\/plugins\/seo\/ -->\n<title>Ail frais - Ferme de la colline du ch\u00eane<\/title>\n<meta name=\"robots\" content=\"index, follow, max-snippet:-1, max-image-preview:large, max-video-preview:-1\" \/>\n<link rel=\"canonical\" href=\"https:\/\/collineduchene.com\/en\/produit\/ail-frais\/\" \/>\n<meta property=\"og:locale\" content=\"en_US\" \/>\n<meta property=\"og:type\" content=\"article\" \/>\n<meta property=\"og:title\" content=\"Ail frais - Ferme de la colline du ch\u00eane\" \/>\n<meta property=\"og:description\" content=\"Ail frais de la ferme disponible! 13,50$\/lbs * Au contraire de l&#8217;ail de conservation, l&#8217;ail frais n&#8217;a pas une aussi grande dur\u00e9e de conservation. Gardez la au r\u00e9frig\u00e9rateur afin de prolonger sa dur\u00e9e de vie. Ne peut \u00eatre conserv\u00e9e dans le garde-mang\u00e9.\" \/>\n<meta property=\"og:url\" content=\"https:\/\/collineduchene.com\/en\/produit\/ail-frais\/\" \/>\n<meta property=\"og:site_name\" content=\"Ferme de la colline du ch\u00eane\" \/>\n<meta property=\"article:publisher\" content=\"https:\/\/www.facebook.com\/FermeDeLaCollineDuCheneCooperativeDeSolidarite\/\" \/>\n<meta property=\"article:modified_time\" content=\"2025-03-12T16:58:05+00:00\" \/>\n<meta property=\"og:image\" content=\"https:\/\/collineduchene.com\/wp-content\/uploads\/2023\/11\/IMG_8104-768x1024.png\" \/>\n\t<meta property=\"og:image:width\" content=\"768\" \/>\n\t<meta property=\"og:image:height\" content=\"1024\" \/>\n\t<meta property=\"og:image:type\" content=\"image\/png\" \/>\n<meta name=\"twitter:card\" content=\"summary_large_image\" \/>\n<meta name=\"twitter:label1\" content=\"Est. reading time\" \/>\n\t<meta name=\"twitter:data1\" content=\"1 minute\" \/>\n<script type=\"application\/ld+json\" class=\"yoast-schema-graph\">{\"@context\":\"https:\/\/schema.org\",\"@graph\":[{\"@type\":\"WebPage\",\"@id\":\"https:\/\/collineduchene.com\/en\/produit\/ail-frais\/\",\"url\":\"https:\/\/collineduchene.com\/en\/produit\/ail-frais\/\",\"name\":\"Ail frais - Ferme de la colline du ch\u00eane\",\"isPartOf\":{\"@id\":\"https:\/\/collineduchene.com\/en\/#website\"},\"primaryImageOfPage\":{\"@id\":\"https:\/\/collineduchene.com\/en\/produit\/ail-frais\/#primaryimage\"},\"image\":{\"@id\":\"https:\/\/collineduchene.com\/en\/produit\/ail-frais\/#primaryimage\"},\"thumbnailUrl\":\"https:\/\/collineduchene.com\/wp-content\/uploads\/2023\/11\/IMG_8104.png\",\"datePublished\":\"2024-07-19T17:31:14+00:00\",\"dateModified\":\"2025-03-12T16:58:05+00:00\",\"breadcrumb\":{\"@id\":\"https:\/\/collineduchene.com\/en\/produit\/ail-frais\/#breadcrumb\"},\"inLanguage\":\"en-US\",\"potentialAction\":[{\"@type\":\"ReadAction\",\"target\":[\"https:\/\/collineduchene.com\/en\/produit\/ail-frais\/\"]}]},{\"@type\":\"ImageObject\",\"inLanguage\":\"en-US\",\"@id\":\"https:\/\/collineduchene.com\/en\/produit\/ail-frais\/#primaryimage\",\"url\":\"https:\/\/collineduchene.com\/wp-content\/uploads\/2023\/11\/IMG_8104.png\",\"contentUrl\":\"https:\/\/collineduchene.com\/wp-content\/uploads\/2023\/11\/IMG_8104.png\",\"width\":3024,\"height\":4032},{\"@type\":\"BreadcrumbList\",\"@id\":\"https:\/\/collineduchene.com\/en\/produit\/ail-frais\/#breadcrumb\",\"itemListElement\":[{\"@type\":\"ListItem\",\"position\":1,\"name\":\"Accueil\",\"item\":\"https:\/\/collineduchene.com\/en\/\"},{\"@type\":\"ListItem\",\"position\":2,\"name\":\"Protected: Boutique\",\"item\":\"https:\/\/collineduchene.com\/en\/shop\/\"},{\"@type\":\"ListItem\",\"position\":3,\"name\":\"Ail frais\"}]},{\"@type\":\"WebSite\",\"@id\":\"https:\/\/collineduchene.com\/en\/#website\",\"url\":\"https:\/\/collineduchene.com\/en\/\",\"name\":\"Ferme de la colline du ch\u00eane\",\"description\":\"\",\"publisher\":{\"@id\":\"https:\/\/collineduchene.com\/en\/#organization\"},\"potentialAction\":[{\"@type\":\"SearchAction\",\"target\":{\"@type\":\"EntryPoint\",\"urlTemplate\":\"https:\/\/collineduchene.com\/en\/?s={search_term_string}\"},\"query-input\":{\"@type\":\"PropertyValueSpecification\",\"valueRequired\":true,\"valueName\":\"search_term_string\"}}],\"inLanguage\":\"en-US\"},{\"@type\":\"Organization\",\"@id\":\"https:\/\/collineduchene.com\/en\/#organization\",\"name\":\"Ferme de la colline du ch\u00eane\",\"url\":\"https:\/\/collineduchene.com\/en\/\",\"logo\":{\"@type\":\"ImageObject\",\"inLanguage\":\"en-US\",\"@id\":\"https:\/\/collineduchene.com\/en\/#\/schema\/logo\/image\/\",\"url\":\"http:\/\/collineduchene.codeetcie.ca\/wp-content\/uploads\/2023\/12\/logo-new.png\",\"contentUrl\":\"http:\/\/collineduchene.codeetcie.ca\/wp-content\/uploads\/2023\/12\/logo-new.png\",\"width\":1108,\"height\":319,\"caption\":\"Ferme de la colline du ch\u00eane\"},\"image\":{\"@id\":\"https:\/\/collineduchene.com\/en\/#\/schema\/logo\/image\/\"},\"sameAs\":[\"https:\/\/www.facebook.com\/FermeDeLaCollineDuCheneCooperativeDeSolidarite\/\",\"https:\/\/www.instagram.com\/colline_du_chene\/\"]}]}<\/script>\n<!-- \/ Yoast SEO plugin. -->","yoast_head_json":{"title":"Ail frais - Ferme de la colline du ch\u00eane","robots":{"index":"index","follow":"follow","max-snippet":"max-snippet:-1","max-image-preview":"max-image-preview:large","max-video-preview":"max-video-preview:-1"},"canonical":"https:\/\/collineduchene.com\/en\/produit\/ail-frais\/","og_locale":"en_US","og_type":"article","og_title":"Ail frais - Ferme de la colline du ch\u00eane","og_description":"Ail frais de la ferme disponible! 13,50$\/lbs * Au contraire de l&#8217;ail de conservation, l&#8217;ail frais n&#8217;a pas une aussi grande dur\u00e9e de conservation. Gardez la au r\u00e9frig\u00e9rateur afin de prolonger sa dur\u00e9e de vie. Ne peut \u00eatre conserv\u00e9e dans le garde-mang\u00e9.","og_url":"https:\/\/collineduchene.com\/en\/produit\/ail-frais\/","og_site_name":"Ferme de la colline du ch\u00eane","article_publisher":"https:\/\/www.facebook.com\/FermeDeLaCollineDuCheneCooperativeDeSolidarite\/","article_modified_time":"2025-03-12T16:58:05+00:00","og_image":[{"width":768,"height":1024,"url":"https:\/\/collineduchene.com\/wp-content\/uploads\/2023\/11\/IMG_8104-768x1024.png","type":"image\/png"}],"twitter_card":"summary_large_image","twitter_misc":{"Est. reading time":"1 minute"},"schema":{"@context":"https:\/\/schema.org","@graph":[{"@type":"WebPage","@id":"https:\/\/collineduchene.com\/en\/produit\/ail-frais\/","url":"https:\/\/collineduchene.com\/en\/produit\/ail-frais\/","name":"Ail frais - Ferme de la colline du ch\u00eane","isPartOf":{"@id":"https:\/\/collineduchene.com\/en\/#website"},"primaryImageOfPage":{"@id":"https:\/\/collineduchene.com\/en\/produit\/ail-frais\/#primaryimage"},"image":{"@id":"https:\/\/collineduchene.com\/en\/produit\/ail-frais\/#primaryimage"},"thumbnailUrl":"https:\/\/collineduchene.com\/wp-content\/uploads\/2023\/11\/IMG_8104.png","datePublished":"2024-07-19T17:31:14+00:00","dateModified":"2025-03-12T16:58:05+00:00","breadcrumb":{"@id":"https:\/\/collineduchene.com\/en\/produit\/ail-frais\/#breadcrumb"},"inLanguage":"en-US","potentialAction":[{"@type":"ReadAction","target":["https:\/\/collineduchene.com\/en\/produit\/ail-frais\/"]}]},{"@type":"ImageObject","inLanguage":"en-US","@id":"https:\/\/collineduchene.com\/en\/produit\/ail-frais\/#primaryimage","url":"https:\/\/collineduchene.com\/wp-content\/uploads\/2023\/11\/IMG_8104.png","contentUrl":"https:\/\/collineduchene.com\/wp-content\/uploads\/2023\/11\/IMG_8104.png","width":3024,"height":4032},{"@type":"BreadcrumbList","@id":"https:\/\/collineduchene.com\/en\/produit\/ail-frais\/#breadcrumb","itemListElement":[{"@type":"ListItem","position":1,"name":"Accueil","item":"https:\/\/collineduchene.com\/en\/"},{"@type":"ListItem","position":2,"name":"Protected: Boutique","item":"https:\/\/collineduchene.com\/en\/shop\/"},{"@type":"ListItem","position":3,"name":"Ail frais"}]},{"@type":"WebSite","@id":"https:\/\/collineduchene.com\/en\/#website","url":"https:\/\/collineduchene.com\/en\/","name":"Ferme de la colline du ch\u00eane","description":"","publisher":{"@id":"https:\/\/collineduchene.com\/en\/#organization"},"potentialAction":[{"@type":"SearchAction","target":{"@type":"EntryPoint","urlTemplate":"https:\/\/collineduchene.com\/en\/?s={search_term_string}"},"query-input":{"@type":"PropertyValueSpecification","valueRequired":true,"valueName":"search_term_string"}}],"inLanguage":"en-US"},{"@type":"Organization","@id":"https:\/\/collineduchene.com\/en\/#organization","name":"Ferme de la colline du ch\u00eane","url":"https:\/\/collineduchene.com\/en\/","logo":{"@type":"ImageObject","inLanguage":"en-US","@id":"https:\/\/collineduchene.com\/en\/#\/schema\/logo\/image\/","url":"http:\/\/collineduchene.codeetcie.ca\/wp-content\/uploads\/2023\/12\/logo-new.png","contentUrl":"http:\/\/collineduchene.codeetcie.ca\/wp-content\/uploads\/2023\/12\/logo-new.png","width":1108,"height":319,"caption":"Ferme de la colline du ch\u00eane"},"image":{"@id":"https:\/\/collineduchene.com\/en\/#\/schema\/logo\/image\/"},"sameAs":["https:\/\/www.facebook.com\/FermeDeLaCollineDuCheneCooperativeDeSolidarite\/","https:\/\/www.instagram.com\/colline_du_chene\/"]}]}},"_links":{"self":[{"href":"https:\/\/collineduchene.com\/en\/wp-json\/wp\/v2\/product\/1205","targetHints":{"allow":["GET"]}}],"collection":[{"href":"https:\/\/collineduchene.com\/en\/wp-json\/wp\/v2\/product"}],"about":[{"href":"https:\/\/collineduchene.com\/en\/wp-json\/wp\/v2\/types\/product"}],"wp:featuredmedia":[{"embeddable":true,"href":"https:\/\/collineduchene.com\/en\/wp-json\/wp\/v2\/media\/151"}],"wp:attachment":[{"href":"https:\/\/collineduchene.com\/en\/wp-json\/wp\/v2\/media?parent=1205"}],"wp:term":[{"taxonomy":"product_brand","embeddable":true,"href":"https:\/\/collineduchene.com\/en\/wp-json\/wp\/v2\/product_brand?post=1205"},{"taxonomy":"product_cat","embeddable":true,"href":"https:\/\/collineduchene.com\/en\/wp-json\/wp\/v2\/product_cat?post=1205"},{"taxonomy":"product_tag","embeddable":true,"href":"https:\/\/collineduchene.com\/en\/wp-json\/wp\/v2\/product_tag?post=1205"}],"curies":[{"name":"wp","href":"https:\/\/api.w.org\/{rel}","templated":true}]}}