{"id":1021,"date":"2024-03-13T15:59:43","date_gmt":"2024-03-13T19:59:43","guid":{"rendered":"https:\/\/collineduchene.com\/?post_type=product&#038;p=1021"},"modified":"2026-02-16T14:07:38","modified_gmt":"2026-02-16T19:07:38","slug":"ardoise-kiosque","status":"publish","type":"product","link":"https:\/\/collineduchene.com\/en\/produit\/ardoise-kiosque\/","title":{"rendered":"Ardoise kiosque"},"content":{"rendered":"<h2 class=\"h3\">L&#8217;Ardoise kiosque &#8211; O<em>ption flexible pour soutenir la ferme<\/em><\/h2>\n<p>L&#8217;ardoise kiosque est un mode de paiement manuel qui vous offre de la flexibilit\u00e9 en plus d\u2019appuyer vos mara\u00eecher.es et de contribuer au succ\u00e8s de la ferme. Elle vous permet de choisir parmi notre belle diversit\u00e9 de l\u00e9gumes biologiques et de produits locaux disponibles au kiosque libre-service, ouvert d&#8217;avril \u00e0 novembre.<\/p>\n<h3 data-start=\"106\" data-end=\"140\">\ud83c\udf31 <strong data-start=\"112\" data-end=\"140\">Pourquoi payer d\u2019avance?<\/strong><\/h3>\n<p data-start=\"142\" data-end=\"307\"><strong>En achetant une Ardoise kiosque<\/strong> \u2014 comme dans la formule <strong data-start=\"190\" data-end=\"219\">ASC (Agriculture Soutenue par la Communaut\u00e9) <\/strong><strong data-start=\"301\" data-end=\"333\">\u00a0\/ Fermier\u00b7\u00e8re de famille<\/strong>\u00a0 \u2014 vous donnez un solide coup de pouce \u00e0 la ferme au moment o\u00f9 on en a le plus besoin.<\/p>\n<p data-start=\"309\" data-end=\"538\">\u2728 Votre financement nous permet les achats importants de pr\u00e9-saison,<br data-start=\"340\" data-end=\"343\" \/>\u2728 Vous soutenez une agriculture locale et \u00e9coresponsable,<br data-start=\"399\" data-end=\"402\" \/>\u2728 Vous encouragez notre \u00e9quipe qui met tout son c\u0153ur dans le champ,<br data-start=\"473\" data-end=\"476\" \/>\u2728 Vous profitez ensuite de beaux l\u00e9gumes frais et de produits locaux, tout l&#8217;\u00e9t\u00e9<br \/>\n\u2728 Et vous acc\u00e9dez \u00e0 notre infolettre hebdomadaire!<\/p>\n<p>Ce mode de paiement vous offre \u00e9galement des <strong>primes sur vos achats<\/strong> :<\/p>\n<p>\u2728 Pour une ardoise de 100$, on ajoute 5$!<br \/>\n\u2728 Pour une ardoise de 200$, on ajoute 11$!<br \/>\n\u2728 Pour une ardoise de 300$, on ajoute 18$!<br \/>\n\u2728 Pour une ardoise de 400$, on ajoute 26$!<\/p>\n<p>Par exemple, vous achetez pour 300$ d&#8217;Ardoise, vous b\u00e9n\u00e9ficierez de 318$ sur votre ardoise!<\/p>\n<h3 data-start=\"106\" data-end=\"140\"><strong>\ud83c\udf31 Fonctionnement<\/strong><\/h3>\n<ul>\n<li>Via notre Boutique en ligne, achetez le nombre de tranche de 100$ d\u00e9sir\u00e9.<\/li>\n<li>Remplissez le formulaire qui vous sera demand\u00e9.<\/li>\n<li>Optez pour le paiement par virement interac afin de nous \u00e9viter de gros frais.<\/li>\n<li>Retrouvez votre ardoise papier (identifi\u00e9e \u00e0 votre nom) dans notre cartable &#8221;Ardoises kiosque&#8221; d\u00e8s l&#8217;ouverture mi-avril.<\/li>\n<li>D\u00e9duisez vos achats \u00e0 la main.<\/li>\n<li>Procurez-vous \u00e0 tous moments d&#8217;autres tranches de 100$ selon vos besoins!<\/li>\n<\/ul>\n<p>* Notez bien: les montants ne peuvent \u00eatre report\u00e9s \u00e0 l\u2019ann\u00e9e suivante ni rembours\u00e9s. Assurez-vous d\u2019utiliser l\u2019ensemble de votre solde avant la fin de la saison.<\/p>\n<p>&nbsp;<\/p>\n<p>&nbsp;<\/p>\n","protected":false},"excerpt":{"rendered":"<p>L&#8217;Ardoise kiosque &#8211; Option flexible pour soutenir la ferme L&#8217;ardoise kiosque est un mode de paiement manuel qui vous offre de la flexibilit\u00e9 en plus d\u2019appuyer vos mara\u00eecher.es et de contribuer au succ\u00e8s de la ferme. Elle vous permet de choisir parmi notre belle diversit\u00e9 de l\u00e9gumes biologiques et de produits locaux disponibles au kiosque [&hellip;]<\/p>\n","protected":false},"featured_media":2552,"template":"","meta":{"_acf_changed":false},"product_brand":[],"product_cat":[20],"product_tag":[],"class_list":{"0":"post-1021","1":"product","2":"type-product","3":"status-publish","4":"has-post-thumbnail","6":"product_cat-paniers","8":"first","9":"instock","10":"shipping-taxable","11":"purchasable","12":"product-type-simple"},"acf":[],"yoast_head":"<!-- This site is optimized with the Yoast SEO plugin v25.6 - https:\/\/yoast.com\/wordpress\/plugins\/seo\/ -->\n<title>Ardoise kiosque - Ferme de la colline du ch\u00eane<\/title>\n<meta name=\"robots\" content=\"index, follow, max-snippet:-1, max-image-preview:large, max-video-preview:-1\" \/>\n<link rel=\"canonical\" href=\"https:\/\/collineduchene.com\/en\/produit\/ardoise-kiosque\/\" \/>\n<meta property=\"og:locale\" content=\"en_US\" \/>\n<meta property=\"og:type\" content=\"article\" \/>\n<meta property=\"og:title\" content=\"Ardoise kiosque - Ferme de la colline du ch\u00eane\" \/>\n<meta property=\"og:description\" content=\"L&#8217;Ardoise kiosque &#8211; Option flexible pour soutenir la ferme L&#8217;ardoise kiosque est un mode de paiement manuel qui vous offre de la flexibilit\u00e9 en plus d\u2019appuyer vos mara\u00eecher.es et de contribuer au succ\u00e8s de la ferme. Elle vous permet de choisir parmi notre belle diversit\u00e9 de l\u00e9gumes biologiques et de produits locaux disponibles au kiosque [&hellip;]\" \/>\n<meta property=\"og:url\" content=\"https:\/\/collineduchene.com\/en\/produit\/ardoise-kiosque\/\" \/>\n<meta property=\"og:site_name\" content=\"Ferme de la colline du ch\u00eane\" \/>\n<meta property=\"article:publisher\" content=\"https:\/\/www.facebook.com\/FermeDeLaCollineDuCheneCooperativeDeSolidarite\/\" \/>\n<meta property=\"article:modified_time\" content=\"2026-02-16T19:07:38+00:00\" \/>\n<meta property=\"og:image\" content=\"https:\/\/collineduchene.com\/wp-content\/uploads\/2024\/03\/Screenshot-2025-11-17-09.31.01.png\" \/>\n\t<meta property=\"og:image:width\" content=\"1055\" \/>\n\t<meta property=\"og:image:height\" content=\"827\" \/>\n\t<meta property=\"og:image:type\" content=\"image\/png\" \/>\n<meta name=\"twitter:card\" content=\"summary_large_image\" \/>\n<meta name=\"twitter:label1\" content=\"Est. reading time\" \/>\n\t<meta name=\"twitter:data1\" content=\"2 minutes\" \/>\n<script type=\"application\/ld+json\" class=\"yoast-schema-graph\">{\"@context\":\"https:\/\/schema.org\",\"@graph\":[{\"@type\":\"WebPage\",\"@id\":\"https:\/\/collineduchene.com\/en\/produit\/ardoise-kiosque\/\",\"url\":\"https:\/\/collineduchene.com\/en\/produit\/ardoise-kiosque\/\",\"name\":\"Ardoise kiosque - Ferme de la colline du ch\u00eane\",\"isPartOf\":{\"@id\":\"https:\/\/collineduchene.com\/en\/#website\"},\"primaryImageOfPage\":{\"@id\":\"https:\/\/collineduchene.com\/en\/produit\/ardoise-kiosque\/#primaryimage\"},\"image\":{\"@id\":\"https:\/\/collineduchene.com\/en\/produit\/ardoise-kiosque\/#primaryimage\"},\"thumbnailUrl\":\"https:\/\/collineduchene.com\/wp-content\/uploads\/2024\/03\/Screenshot-2025-11-17-09.31.01.png\",\"datePublished\":\"2024-03-13T19:59:43+00:00\",\"dateModified\":\"2026-02-16T19:07:38+00:00\",\"breadcrumb\":{\"@id\":\"https:\/\/collineduchene.com\/en\/produit\/ardoise-kiosque\/#breadcrumb\"},\"inLanguage\":\"en-US\",\"potentialAction\":[{\"@type\":\"ReadAction\",\"target\":[\"https:\/\/collineduchene.com\/en\/produit\/ardoise-kiosque\/\"]}]},{\"@type\":\"ImageObject\",\"inLanguage\":\"en-US\",\"@id\":\"https:\/\/collineduchene.com\/en\/produit\/ardoise-kiosque\/#primaryimage\",\"url\":\"https:\/\/collineduchene.com\/wp-content\/uploads\/2024\/03\/Screenshot-2025-11-17-09.31.01.png\",\"contentUrl\":\"https:\/\/collineduchene.com\/wp-content\/uploads\/2024\/03\/Screenshot-2025-11-17-09.31.01.png\",\"width\":1055,\"height\":827},{\"@type\":\"BreadcrumbList\",\"@id\":\"https:\/\/collineduchene.com\/en\/produit\/ardoise-kiosque\/#breadcrumb\",\"itemListElement\":[{\"@type\":\"ListItem\",\"position\":1,\"name\":\"Accueil\",\"item\":\"https:\/\/collineduchene.com\/en\/\"},{\"@type\":\"ListItem\",\"position\":2,\"name\":\"Protected: Boutique\",\"item\":\"https:\/\/collineduchene.com\/en\/shop\/\"},{\"@type\":\"ListItem\",\"position\":3,\"name\":\"Ardoise kiosque\"}]},{\"@type\":\"WebSite\",\"@id\":\"https:\/\/collineduchene.com\/en\/#website\",\"url\":\"https:\/\/collineduchene.com\/en\/\",\"name\":\"Ferme de la colline du ch\u00eane\",\"description\":\"\",\"publisher\":{\"@id\":\"https:\/\/collineduchene.com\/en\/#organization\"},\"potentialAction\":[{\"@type\":\"SearchAction\",\"target\":{\"@type\":\"EntryPoint\",\"urlTemplate\":\"https:\/\/collineduchene.com\/en\/?s={search_term_string}\"},\"query-input\":{\"@type\":\"PropertyValueSpecification\",\"valueRequired\":true,\"valueName\":\"search_term_string\"}}],\"inLanguage\":\"en-US\"},{\"@type\":\"Organization\",\"@id\":\"https:\/\/collineduchene.com\/en\/#organization\",\"name\":\"Ferme de la colline du ch\u00eane\",\"url\":\"https:\/\/collineduchene.com\/en\/\",\"logo\":{\"@type\":\"ImageObject\",\"inLanguage\":\"en-US\",\"@id\":\"https:\/\/collineduchene.com\/en\/#\/schema\/logo\/image\/\",\"url\":\"http:\/\/collineduchene.codeetcie.ca\/wp-content\/uploads\/2023\/12\/logo-new.png\",\"contentUrl\":\"http:\/\/collineduchene.codeetcie.ca\/wp-content\/uploads\/2023\/12\/logo-new.png\",\"width\":1108,\"height\":319,\"caption\":\"Ferme de la colline du ch\u00eane\"},\"image\":{\"@id\":\"https:\/\/collineduchene.com\/en\/#\/schema\/logo\/image\/\"},\"sameAs\":[\"https:\/\/www.facebook.com\/FermeDeLaCollineDuCheneCooperativeDeSolidarite\/\",\"https:\/\/www.instagram.com\/colline_du_chene\/\"]}]}<\/script>\n<!-- \/ Yoast SEO plugin. -->","yoast_head_json":{"title":"Ardoise kiosque - Ferme de la colline du ch\u00eane","robots":{"index":"index","follow":"follow","max-snippet":"max-snippet:-1","max-image-preview":"max-image-preview:large","max-video-preview":"max-video-preview:-1"},"canonical":"https:\/\/collineduchene.com\/en\/produit\/ardoise-kiosque\/","og_locale":"en_US","og_type":"article","og_title":"Ardoise kiosque - Ferme de la colline du ch\u00eane","og_description":"L&#8217;Ardoise kiosque &#8211; Option flexible pour soutenir la ferme L&#8217;ardoise kiosque est un mode de paiement manuel qui vous offre de la flexibilit\u00e9 en plus d\u2019appuyer vos mara\u00eecher.es et de contribuer au succ\u00e8s de la ferme. Elle vous permet de choisir parmi notre belle diversit\u00e9 de l\u00e9gumes biologiques et de produits locaux disponibles au kiosque [&hellip;]","og_url":"https:\/\/collineduchene.com\/en\/produit\/ardoise-kiosque\/","og_site_name":"Ferme de la colline du ch\u00eane","article_publisher":"https:\/\/www.facebook.com\/FermeDeLaCollineDuCheneCooperativeDeSolidarite\/","article_modified_time":"2026-02-16T19:07:38+00:00","og_image":[{"width":1055,"height":827,"url":"https:\/\/collineduchene.com\/wp-content\/uploads\/2024\/03\/Screenshot-2025-11-17-09.31.01.png","type":"image\/png"}],"twitter_card":"summary_large_image","twitter_misc":{"Est. reading time":"2 minutes"},"schema":{"@context":"https:\/\/schema.org","@graph":[{"@type":"WebPage","@id":"https:\/\/collineduchene.com\/en\/produit\/ardoise-kiosque\/","url":"https:\/\/collineduchene.com\/en\/produit\/ardoise-kiosque\/","name":"Ardoise kiosque - Ferme de la colline du ch\u00eane","isPartOf":{"@id":"https:\/\/collineduchene.com\/en\/#website"},"primaryImageOfPage":{"@id":"https:\/\/collineduchene.com\/en\/produit\/ardoise-kiosque\/#primaryimage"},"image":{"@id":"https:\/\/collineduchene.com\/en\/produit\/ardoise-kiosque\/#primaryimage"},"thumbnailUrl":"https:\/\/collineduchene.com\/wp-content\/uploads\/2024\/03\/Screenshot-2025-11-17-09.31.01.png","datePublished":"2024-03-13T19:59:43+00:00","dateModified":"2026-02-16T19:07:38+00:00","breadcrumb":{"@id":"https:\/\/collineduchene.com\/en\/produit\/ardoise-kiosque\/#breadcrumb"},"inLanguage":"en-US","potentialAction":[{"@type":"ReadAction","target":["https:\/\/collineduchene.com\/en\/produit\/ardoise-kiosque\/"]}]},{"@type":"ImageObject","inLanguage":"en-US","@id":"https:\/\/collineduchene.com\/en\/produit\/ardoise-kiosque\/#primaryimage","url":"https:\/\/collineduchene.com\/wp-content\/uploads\/2024\/03\/Screenshot-2025-11-17-09.31.01.png","contentUrl":"https:\/\/collineduchene.com\/wp-content\/uploads\/2024\/03\/Screenshot-2025-11-17-09.31.01.png","width":1055,"height":827},{"@type":"BreadcrumbList","@id":"https:\/\/collineduchene.com\/en\/produit\/ardoise-kiosque\/#breadcrumb","itemListElement":[{"@type":"ListItem","position":1,"name":"Accueil","item":"https:\/\/collineduchene.com\/en\/"},{"@type":"ListItem","position":2,"name":"Protected: Boutique","item":"https:\/\/collineduchene.com\/en\/shop\/"},{"@type":"ListItem","position":3,"name":"Ardoise kiosque"}]},{"@type":"WebSite","@id":"https:\/\/collineduchene.com\/en\/#website","url":"https:\/\/collineduchene.com\/en\/","name":"Ferme de la colline du ch\u00eane","description":"","publisher":{"@id":"https:\/\/collineduchene.com\/en\/#organization"},"potentialAction":[{"@type":"SearchAction","target":{"@type":"EntryPoint","urlTemplate":"https:\/\/collineduchene.com\/en\/?s={search_term_string}"},"query-input":{"@type":"PropertyValueSpecification","valueRequired":true,"valueName":"search_term_string"}}],"inLanguage":"en-US"},{"@type":"Organization","@id":"https:\/\/collineduchene.com\/en\/#organization","name":"Ferme de la colline du ch\u00eane","url":"https:\/\/collineduchene.com\/en\/","logo":{"@type":"ImageObject","inLanguage":"en-US","@id":"https:\/\/collineduchene.com\/en\/#\/schema\/logo\/image\/","url":"http:\/\/collineduchene.codeetcie.ca\/wp-content\/uploads\/2023\/12\/logo-new.png","contentUrl":"http:\/\/collineduchene.codeetcie.ca\/wp-content\/uploads\/2023\/12\/logo-new.png","width":1108,"height":319,"caption":"Ferme de la colline du ch\u00eane"},"image":{"@id":"https:\/\/collineduchene.com\/en\/#\/schema\/logo\/image\/"},"sameAs":["https:\/\/www.facebook.com\/FermeDeLaCollineDuCheneCooperativeDeSolidarite\/","https:\/\/www.instagram.com\/colline_du_chene\/"]}]}},"_links":{"self":[{"href":"https:\/\/collineduchene.com\/en\/wp-json\/wp\/v2\/product\/1021","targetHints":{"allow":["GET"]}}],"collection":[{"href":"https:\/\/collineduchene.com\/en\/wp-json\/wp\/v2\/product"}],"about":[{"href":"https:\/\/collineduchene.com\/en\/wp-json\/wp\/v2\/types\/product"}],"wp:featuredmedia":[{"embeddable":true,"href":"https:\/\/collineduchene.com\/en\/wp-json\/wp\/v2\/media\/2552"}],"wp:attachment":[{"href":"https:\/\/collineduchene.com\/en\/wp-json\/wp\/v2\/media?parent=1021"}],"wp:term":[{"taxonomy":"product_brand","embeddable":true,"href":"https:\/\/collineduchene.com\/en\/wp-json\/wp\/v2\/product_brand?post=1021"},{"taxonomy":"product_cat","embeddable":true,"href":"https:\/\/collineduchene.com\/en\/wp-json\/wp\/v2\/product_cat?post=1021"},{"taxonomy":"product_tag","embeddable":true,"href":"https:\/\/collineduchene.com\/en\/wp-json\/wp\/v2\/product_tag?post=1021"}],"curies":[{"name":"wp","href":"https:\/\/api.w.org\/{rel}","templated":true}]}}