{"id":484,"date":"2024-01-11T15:26:53","date_gmt":"2024-01-11T20:26:53","guid":{"rendered":"http:\/\/collineduchene.codeetcie.ca\/montreal\/"},"modified":"2025-03-28T10:08:26","modified_gmt":"2025-03-28T14:08:26","slug":"montreal","status":"publish","type":"page","link":"https:\/\/collineduchene.com\/en\/montreal\/","title":{"rendered":"Montreal"},"content":{"rendered":"\n<section id=\"\" class=\"block-bannertitle  show-on-scroll\">\n\t<div class=\"block-bannertitle__container\" style=\"background-image:url('https:\/\/collineduchene.com\/wp-content\/uploads\/2024\/01\/IMG_9088-scaled.jpeg')\">\n\t\t<div class=\"block-bannertitle__overlay\"><\/div>\n\t\t<p class=\"block-bannertitle__title\">Montreal<\/p>\n\t<\/div>\n<\/section>\n<section id=\"\" class=\"block-text  show-on-scroll\">\n\t<div class=\"block-text__container\">\n\t\t<div class=\"block-text__content\">\n\t\t\t<p>The CSA Basket includes :<\/p>\n<ul>\n<li><strong>20 organic vegetable baskets<\/strong> delivered every week, from June to late October;<\/li>\n<li>Your choice between <strong>3 sizes<\/strong> of basket : Small \u2013 Regular \u2013 Large<\/li>\n<li>More than 50 varieties of organic veggies grown locally<\/li>\n<li>A <strong>weekly newsletter<\/strong> that informs you of the content of your upcoming basket + includes recipes and stories about what\u2019s happening at the farm (available in french only).<\/li>\n<\/ul>\n<p>Add-ons available for your basket :<\/p>\n<ul>\n<li><strong>Fresh organic <\/strong><strong>bread <\/strong> ($8 per loaf) from La Mie Bretonne, every week or two;<\/li>\n<li><strong>Farm eggs<\/strong> ($8 a dozen) from Ferme d&#8217;\u00c0 C\u00f4t\u00e9, every week or two.<\/li>\n<\/ul>\n<p><em>See below for details of how the subscription works and the drop-off points available.<\/em><\/p>\n\t\t\n\t\t<\/div>\n\t<\/div>\n<\/section>\n<section id=\"\" class=\"block-columns paniers show-on-scroll\">\n\t<div class=\"block-columns__container\">\n\t\t<div class=\"block-columns__content\">\n\t\t\t\t\t\t\t\t\t\t\t<\/div>\n\t\t\t\t\t<div class=\"block-columns__row\">\n\t\t\t\t\t\t\t\t\t<div class=\"block-columns__col\">\n\t\t\t\t\t\t<h3 class=\"block-columns__subtitle\">Small basket<\/h3>\n\t\t\t\t\t\t<div class=\"block-columns__text\"><p><strong>578 <\/strong>&#8211; 1 person<\/p>\n<p><strong>$27.50\/week<\/strong> x 20 weeks + $28 (mandatory contribution to R\u00e9seau des fermier.\u00e8res de famille)<\/p>\n<\/div>\n\t\t\t\t\t\t\t\t\t\t\t\t\t<a class=\"block-columns__button\" href=\"http:\/\/collineduchene.com\/produit\/petit-panier\/\" target=\"_self\">Subscribe<\/a>\n\t\t\t\t\t\t\t\t\t\t\t<\/div>\n\t\t\t\t\t\t\t\t\t<div class=\"block-columns__col\">\n\t\t\t\t\t\t<h3 class=\"block-columns__subtitle\">Regular basket<\/h3>\n\t\t\t\t\t\t<div class=\"block-columns__text\"><p><strong>778<\/strong> &#8211; 2 people<\/p>\n<p><strong>$37.50\/week<\/strong> x 20 weeks + $28 (mandatory contribution to R\u00e9seau des fermier.\u00e8res de famille)<\/p>\n<\/div>\n\t\t\t\t\t\t\t\t\t\t\t\t\t<a class=\"block-columns__button\" href=\"http:\/\/collineduchene.com\/produit\/panier-regulier\/\" target=\"_self\">Subscribe<\/a>\n\t\t\t\t\t\t\t\t\t\t\t<\/div>\n\t\t\t\t\t\t\t\t\t<div class=\"block-columns__col\">\n\t\t\t\t\t\t<h3 class=\"block-columns__subtitle\">Large basket<\/h3>\n\t\t\t\t\t\t<div class=\"block-columns__text\"><p><strong>978 &#8211; <\/strong>3 people or more<\/p>\n<p><strong>$47.50\/week<\/strong> x 20 weeks + $28 (mandatory contribution to R\u00e9seau des fermier.\u00e8res de famille)<\/p>\n<\/div>\n\t\t\t\t\t\t\t\t\t\t\t\t\t<a class=\"block-columns__button\" href=\"http:\/\/collineduchene.com\/produit\/grand-panier\/\" target=\"_self\">Subscribe<\/a>\n\t\t\t\t\t\t\t\t\t\t\t<\/div>\n\t\t\t\t\t\t\t<\/div>\n\t\t\t<\/div>\n<\/section>\n<section id=\"\" class=\"block-text  show-on-scroll\">\n\t<div class=\"block-text__container\">\n\t\t<div class=\"block-text__content\">\n\t\t\t<h3>How does it work?<\/h3>\n<p>Select the city and drop-off point of your choice \u2192 Choose the size that suit your needs \u2192 collect your basket every week, from June to the end of October 2025!<\/p>\n<p>Every week, your farmers put together the contents of your basket according to the season\u2019s availability.<\/p>\n<ul>\n<li>An <strong>exchange basket<\/strong> is always available on site, allowing you to swap a vegetable you don&#8217;t like for one you do;<\/li>\n<li><strong>Unlimited vacations<\/strong>; you can defer your first two weeks of baskets and have the following weeks refunded.<\/li>\n<li><strong>Flexible payment of your subscription<\/strong>: You can pay your subscription in 1, 2, 3 or 4 equal instalments. (*The 1st payment must be made at the time of subscription)<\/li>\n<\/ul>\n\t\t\n\t\t<\/div>\n\t<\/div>\n<\/section>\n<section id=\"\" class=\"block-bannertitle  show-on-scroll\">\n\t<div class=\"block-bannertitle__container\" style=\"background-image:url('https:\/\/collineduchene.com\/wp-content\/uploads\/2023\/11\/307381056_8171534632919347_6727963599225956473_n-1.jpg')\">\n\t\t<div class=\"block-bannertitle__overlay\"><\/div>\n\t\t<p class=\"block-bannertitle__title\">Drop points<\/p>\n\t<\/div>\n<\/section>\n<div class=\"wp-block-group\"><div class=\"wp-block-group__inner-container is-layout-constrained wp-block-group-is-layout-constrained\">\n<section id=\"\" class=\"block-columns  show-on-scroll\">\n\t<div class=\"block-columns__container\">\n\t\t<div class=\"block-columns__content\">\n\t\t\t\t\t\t\t\t\t\t\t<\/div>\n\t\t\t\t\t<div class=\"block-columns__row\">\n\t\t\t\t\t\t\t\t\t<div class=\"block-columns__col\">\n\t\t\t\t\t\t<h3 class=\"block-columns__subtitle\">\u00c9picerie LOCO Villeray<\/h3>\n\t\t\t\t\t\t<div class=\"block-columns__text\"><p><a class=\"csc-pos__address\" href=\"https:\/\/www.google.com\/maps\/place\/%C3%89picerie+LOCO+Villeray\/@45.542897,-73.6290817,20z\/data=!4m15!1m8!3m7!1s0x4cc91918b3c32a33:0xe8fdeab96939c6ae!2s422+Rue+Jarry+E,+Montr%C3%A9al,+QC+H2P+1V3!3b1!8m2!3d45.5429811!4d-73.6287397!16s%2Fg%2F11b8ymq7c4!3m5!1s0x4cc91918b30b4501:0x20a8f29f2304842e!8m2!3d45.5429891!4d-73.6287853!16s%2Fg%2F11c0xdjlsw?entry=ttu\" target=\"_map\">422 Jarry East,<br \/>\nMontr\u00e9al, Qc,<br \/>\nH2P 1V3<\/a><\/p>\n<p><a class=\"csc-pos__tel\" href=\"tel:(438)%20386-7345\">(438) 386-7345<\/a><\/p>\n<div class=\"csc-pos__details\">\n<p><strong>Schedule<\/strong><br \/>\nThursday, 3:00 to 6:30 p.m. Box drop-off<\/p>\n<p><strong>Season begins<\/strong><br \/>\nJune 19, 2025<\/p>\n<\/div>\n<\/div>\n\t\t\t\t\t\t\t\t\t\t\t<\/div>\n\t\t\t\t\t\t\t\t\t<div class=\"block-columns__col\">\n\t\t\t\t\t\t<h3 class=\"block-columns__subtitle\">V\u00e9lo Qu\u00e9bec &#8211; Maison des cyclistes (Plateau)  <\/h3>\n\t\t\t\t\t\t<div class=\"block-columns__text\"><p><a href=\"https:\/\/www.google.com\/maps\/place\/V%C3%A9lo+Qu%C3%A9bec+-+Maison+des+cyclistes\/@45.5272348,-73.5757264,16z\/data=!3m1!4b1!4m6!3m5!1s0x4cc91bc5ead070d7:0xdb139e4a2a664759!8m2!3d45.5272311!4d-73.5731515!16s%2Fg%2F1hm4ybw65?entry=ttu\" target=\"_blank\" rel=\"noopener\">1251 Rue Rachel Est,<\/a><br \/>\nMontr\u00e9al, Qc, H2J 2J9<\/p>\n<p><strong>Schedule<br \/>\n<\/strong>Thursday, 4 to 6 p.m. | Mini-march\u00e9<\/p>\n<p><strong>Start of season<br \/>\n<\/strong>June 19, 2025<\/p>\n<p>&nbsp;<\/p>\n<\/div>\n\t\t\t\t\t\t\t\t\t\t\t<\/div>\n\t\t\t\t\t\t\t<\/div>\n\t\t\t<\/div>\n<\/section><\/div><\/div>\n","protected":false},"excerpt":{"rendered":"","protected":false},"author":1,"featured_media":0,"parent":0,"menu_order":0,"comment_status":"closed","ping_status":"closed","template":"","meta":{"_acf_changed":false,"footnotes":""},"class_list":["post-484","page","type-page","status-publish","hentry"],"acf":[],"yoast_head":"<!-- This site is optimized with the Yoast SEO plugin v25.6 - https:\/\/yoast.com\/wordpress\/plugins\/seo\/ -->\n<title>Montreal - Ferme de la colline du ch\u00eane<\/title>\n<meta name=\"robots\" content=\"index, follow, max-snippet:-1, max-image-preview:large, max-video-preview:-1\" \/>\n<link rel=\"canonical\" href=\"https:\/\/collineduchene.com\/en\/montreal\/\" \/>\n<meta property=\"og:locale\" content=\"en_US\" \/>\n<meta property=\"og:type\" content=\"article\" \/>\n<meta property=\"og:title\" content=\"Montreal - Ferme de la colline du ch\u00eane\" \/>\n<meta property=\"og:url\" content=\"https:\/\/collineduchene.com\/en\/montreal\/\" \/>\n<meta property=\"og:site_name\" content=\"Ferme de la colline du ch\u00eane\" \/>\n<meta property=\"article:publisher\" content=\"https:\/\/www.facebook.com\/FermeDeLaCollineDuCheneCooperativeDeSolidarite\/\" \/>\n<meta property=\"article:modified_time\" content=\"2025-03-28T14:08:26+00:00\" \/>\n<meta name=\"twitter:card\" content=\"summary_large_image\" \/>\n<meta name=\"twitter:label1\" content=\"Est. reading time\" \/>\n\t<meta name=\"twitter:data1\" content=\"3 minutes\" \/>\n<script type=\"application\/ld+json\" class=\"yoast-schema-graph\">{\"@context\":\"https:\/\/schema.org\",\"@graph\":[{\"@type\":\"WebPage\",\"@id\":\"https:\/\/collineduchene.com\/en\/montreal\/\",\"url\":\"https:\/\/collineduchene.com\/en\/montreal\/\",\"name\":\"Montreal - Ferme de la colline du ch\u00eane\",\"isPartOf\":{\"@id\":\"https:\/\/collineduchene.com\/en\/#website\"},\"datePublished\":\"2024-01-11T20:26:53+00:00\",\"dateModified\":\"2025-03-28T14:08:26+00:00\",\"breadcrumb\":{\"@id\":\"https:\/\/collineduchene.com\/en\/montreal\/#breadcrumb\"},\"inLanguage\":\"en-US\",\"potentialAction\":[{\"@type\":\"ReadAction\",\"target\":[\"https:\/\/collineduchene.com\/en\/montreal\/\"]}]},{\"@type\":\"BreadcrumbList\",\"@id\":\"https:\/\/collineduchene.com\/en\/montreal\/#breadcrumb\",\"itemListElement\":[{\"@type\":\"ListItem\",\"position\":1,\"name\":\"Accueil\",\"item\":\"https:\/\/collineduchene.com\/en\/\"},{\"@type\":\"ListItem\",\"position\":2,\"name\":\"Montreal\"}]},{\"@type\":\"WebSite\",\"@id\":\"https:\/\/collineduchene.com\/en\/#website\",\"url\":\"https:\/\/collineduchene.com\/en\/\",\"name\":\"Ferme de la colline du ch\u00eane\",\"description\":\"\",\"publisher\":{\"@id\":\"https:\/\/collineduchene.com\/en\/#organization\"},\"potentialAction\":[{\"@type\":\"SearchAction\",\"target\":{\"@type\":\"EntryPoint\",\"urlTemplate\":\"https:\/\/collineduchene.com\/en\/?s={search_term_string}\"},\"query-input\":{\"@type\":\"PropertyValueSpecification\",\"valueRequired\":true,\"valueName\":\"search_term_string\"}}],\"inLanguage\":\"en-US\"},{\"@type\":\"Organization\",\"@id\":\"https:\/\/collineduchene.com\/en\/#organization\",\"name\":\"Ferme de la colline du ch\u00eane\",\"url\":\"https:\/\/collineduchene.com\/en\/\",\"logo\":{\"@type\":\"ImageObject\",\"inLanguage\":\"en-US\",\"@id\":\"https:\/\/collineduchene.com\/en\/#\/schema\/logo\/image\/\",\"url\":\"http:\/\/collineduchene.codeetcie.ca\/wp-content\/uploads\/2023\/12\/logo-new.png\",\"contentUrl\":\"http:\/\/collineduchene.codeetcie.ca\/wp-content\/uploads\/2023\/12\/logo-new.png\",\"width\":1108,\"height\":319,\"caption\":\"Ferme de la colline du ch\u00eane\"},\"image\":{\"@id\":\"https:\/\/collineduchene.com\/en\/#\/schema\/logo\/image\/\"},\"sameAs\":[\"https:\/\/www.facebook.com\/FermeDeLaCollineDuCheneCooperativeDeSolidarite\/\",\"https:\/\/www.instagram.com\/colline_du_chene\/\"]}]}<\/script>\n<!-- \/ Yoast SEO plugin. -->","yoast_head_json":{"title":"Montreal - Ferme de la colline du ch\u00eane","robots":{"index":"index","follow":"follow","max-snippet":"max-snippet:-1","max-image-preview":"max-image-preview:large","max-video-preview":"max-video-preview:-1"},"canonical":"https:\/\/collineduchene.com\/en\/montreal\/","og_locale":"en_US","og_type":"article","og_title":"Montreal - Ferme de la colline du ch\u00eane","og_url":"https:\/\/collineduchene.com\/en\/montreal\/","og_site_name":"Ferme de la colline du ch\u00eane","article_publisher":"https:\/\/www.facebook.com\/FermeDeLaCollineDuCheneCooperativeDeSolidarite\/","article_modified_time":"2025-03-28T14:08:26+00:00","twitter_card":"summary_large_image","twitter_misc":{"Est. reading time":"3 minutes"},"schema":{"@context":"https:\/\/schema.org","@graph":[{"@type":"WebPage","@id":"https:\/\/collineduchene.com\/en\/montreal\/","url":"https:\/\/collineduchene.com\/en\/montreal\/","name":"Montreal - Ferme de la colline du ch\u00eane","isPartOf":{"@id":"https:\/\/collineduchene.com\/en\/#website"},"datePublished":"2024-01-11T20:26:53+00:00","dateModified":"2025-03-28T14:08:26+00:00","breadcrumb":{"@id":"https:\/\/collineduchene.com\/en\/montreal\/#breadcrumb"},"inLanguage":"en-US","potentialAction":[{"@type":"ReadAction","target":["https:\/\/collineduchene.com\/en\/montreal\/"]}]},{"@type":"BreadcrumbList","@id":"https:\/\/collineduchene.com\/en\/montreal\/#breadcrumb","itemListElement":[{"@type":"ListItem","position":1,"name":"Accueil","item":"https:\/\/collineduchene.com\/en\/"},{"@type":"ListItem","position":2,"name":"Montreal"}]},{"@type":"WebSite","@id":"https:\/\/collineduchene.com\/en\/#website","url":"https:\/\/collineduchene.com\/en\/","name":"Ferme de la colline du ch\u00eane","description":"","publisher":{"@id":"https:\/\/collineduchene.com\/en\/#organization"},"potentialAction":[{"@type":"SearchAction","target":{"@type":"EntryPoint","urlTemplate":"https:\/\/collineduchene.com\/en\/?s={search_term_string}"},"query-input":{"@type":"PropertyValueSpecification","valueRequired":true,"valueName":"search_term_string"}}],"inLanguage":"en-US"},{"@type":"Organization","@id":"https:\/\/collineduchene.com\/en\/#organization","name":"Ferme de la colline du ch\u00eane","url":"https:\/\/collineduchene.com\/en\/","logo":{"@type":"ImageObject","inLanguage":"en-US","@id":"https:\/\/collineduchene.com\/en\/#\/schema\/logo\/image\/","url":"http:\/\/collineduchene.codeetcie.ca\/wp-content\/uploads\/2023\/12\/logo-new.png","contentUrl":"http:\/\/collineduchene.codeetcie.ca\/wp-content\/uploads\/2023\/12\/logo-new.png","width":1108,"height":319,"caption":"Ferme de la colline du ch\u00eane"},"image":{"@id":"https:\/\/collineduchene.com\/en\/#\/schema\/logo\/image\/"},"sameAs":["https:\/\/www.facebook.com\/FermeDeLaCollineDuCheneCooperativeDeSolidarite\/","https:\/\/www.instagram.com\/colline_du_chene\/"]}]}},"_links":{"self":[{"href":"https:\/\/collineduchene.com\/en\/wp-json\/wp\/v2\/pages\/484","targetHints":{"allow":["GET"]}}],"collection":[{"href":"https:\/\/collineduchene.com\/en\/wp-json\/wp\/v2\/pages"}],"about":[{"href":"https:\/\/collineduchene.com\/en\/wp-json\/wp\/v2\/types\/page"}],"author":[{"embeddable":true,"href":"https:\/\/collineduchene.com\/en\/wp-json\/wp\/v2\/users\/1"}],"replies":[{"embeddable":true,"href":"https:\/\/collineduchene.com\/en\/wp-json\/wp\/v2\/comments?post=484"}],"version-history":[{"count":11,"href":"https:\/\/collineduchene.com\/en\/wp-json\/wp\/v2\/pages\/484\/revisions"}],"predecessor-version":[{"id":1788,"href":"https:\/\/collineduchene.com\/en\/wp-json\/wp\/v2\/pages\/484\/revisions\/1788"}],"wp:attachment":[{"href":"https:\/\/collineduchene.com\/en\/wp-json\/wp\/v2\/media?parent=484"}],"curies":[{"name":"wp","href":"https:\/\/api.w.org\/{rel}","templated":true}]}}