{"id":482,"date":"2023-11-03T17:12:15","date_gmt":"2023-11-03T21:12:15","guid":{"rendered":"http:\/\/collineduchene.codeetcie.ca\/stand\/"},"modified":"2024-02-20T15:24:05","modified_gmt":"2024-02-20T20:24:05","slug":"stand","status":"publish","type":"page","link":"https:\/\/collineduchene.com\/en\/stand\/","title":{"rendered":"Kiosk"},"content":{"rendered":"\n<section id=\"\" class=\"block-bannertitle  show-on-scroll\">\n\t<div class=\"block-bannertitle__container\" style=\"background-image:url('https:\/\/collineduchene.com\/wp-content\/uploads\/2023\/11\/IMG_9085-scaled.jpg')\">\n\t\t<div class=\"block-bannertitle__overlay\"><\/div>\n\t\t<p class=\"block-bannertitle__title\">Self-service kiosk<\/p>\n\t<\/div>\n<\/section>\n<section id=\"\" class=\"block-text  show-on-scroll\">\n\t<div class=\"block-text__container\">\n\t\t<div class=\"block-text__content\">\n\t\t\t<p>Our self-service kiosk is located on our farm at 790 Ch. du Lac-Gale in Bromont in the Eastern Township of Quebec. The Kiosk is open 24h\/24, 7 days a week, from April to Mid-November. Both cash, Debit\/Credit card and prepaid card payment are available***.<\/p>\n<p>&nbsp;<\/p>\n<p><strong>How does a Self-Service Kiosk work ?<\/strong><\/p>\n<p>As its name suggests, this model invites our customers to choose their items and proceed to payment by themself, in a totally autonomous way. Based on trust and honesty, our self-service kiosk allows us to devote more time to agricultural tasks out in the field, thus ensuring better quality vegetables.<\/p>\n<p>&nbsp;<\/p>\n<p><em>***Please note that we encourage cash or Debit payment over Credit to reduce the high fees taken from Credit companies. Those fees, unfortunately, are becoming a threat to the sustainability of small businesses like us.<\/em><\/p>\n<p><strong><em>Thanks for your understanding and contribution. <\/em><\/strong><\/p>\n\t\t\n\t\t<\/div>\n\t<\/div>\n<\/section>\n<section id=\"carte-prepayee\" class=\"block-text lmp__top-0x show-on-scroll\">\n\t<div class=\"block-text__container\">\n\t\t<div class=\"block-text__content\">\n\t\t\t<h2 class=\"h3\">Prepaid card<\/h2>\n<p>The prepaid card \u2013 formerly known as \u201cArdoise pr\u00e9pay\u00e9e\u201d at the farm \u2013 is a<strong> payment method<\/strong> that offers flexibility to those who chose it,<strong>while supporting us<\/strong> and <strong>contributing to the success of the farm.<\/strong>The card can be used at the self-service kiosk of our farm for the entire season, from April to November, and gives you access to all the products available. It can be <strong>topped up at any time<\/strong> using the Square tab below.<\/p>\n<p><strong>* Please note<\/strong>: Remaining balances cannot be carried over to the following year or refunded. Make sure you use your entire balance before the end of the season.<\/p>\n<p>&nbsp;<\/p>\n<p>How does it work: Click on the link below to be redirected to our Square store. Enter your details, and select the amount you\u2019d wish to add to your card. You&#8217;ll receive an e-mail with the number of your virtual card and the possibility of recharging it at any time. You&#8217;ll find the same Square boutique at our self-service kiosk, on which you can debit your purchases simply by using your card number!<\/p>\n<p>&nbsp;<\/p>\n<p><a class=\"button-primary\" href=\"https:\/\/squareup.com\/gift\/MLSS4WR69NH9J\/order\" target=\"_blank\" rel=\"noopener\">Buy a prepaid card<\/a><\/p>\n\t\t\n\t\t<\/div>\n\t<\/div>\n<\/section>\n<div class=\"wp-block-group withpadding nopadding\"><div class=\"wp-block-group__inner-container is-layout-constrained wp-block-group-is-layout-constrained\">\n<figure class=\"wp-block-gallery has-nested-images columns-4 is-cropped wp-block-gallery-1 is-layout-flex wp-block-gallery-is-layout-flex\">\n<figure class=\"wp-block-image size-full\"><img loading=\"lazy\" decoding=\"async\" width=\"414\" height=\"552\" data-id=\"599\" src=\"https:\/\/collineduchene.com\/wp-content\/uploads\/2024\/02\/IMG_9343.jpeg\" alt=\"\" class=\"wp-image-599\" srcset=\"https:\/\/collineduchene.com\/wp-content\/uploads\/2024\/02\/IMG_9343.jpeg 414w, https:\/\/collineduchene.com\/wp-content\/uploads\/2024\/02\/IMG_9343-225x300.jpeg 225w\" sizes=\"auto, (max-width: 414px) 100vw, 414px\" \/><\/figure>\n\n\n\n<figure class=\"wp-block-image size-large\"><img loading=\"lazy\" decoding=\"async\" width=\"768\" height=\"1024\" data-id=\"416\" src=\"http:\/\/collineduchene.com\/wp-content\/uploads\/2024\/01\/411048510_746389303650000_7971340038716685261_n-768x1024.jpg\" alt=\"\" class=\"wp-image-416\" srcset=\"https:\/\/collineduchene.com\/wp-content\/uploads\/2024\/01\/411048510_746389303650000_7971340038716685261_n-768x1024.jpg 768w, https:\/\/collineduchene.com\/wp-content\/uploads\/2024\/01\/411048510_746389303650000_7971340038716685261_n-scaled-600x800.jpg 600w, https:\/\/collineduchene.com\/wp-content\/uploads\/2024\/01\/411048510_746389303650000_7971340038716685261_n-225x300.jpg 225w, https:\/\/collineduchene.com\/wp-content\/uploads\/2024\/01\/411048510_746389303650000_7971340038716685261_n-1152x1536.jpg 1152w, https:\/\/collineduchene.com\/wp-content\/uploads\/2024\/01\/411048510_746389303650000_7971340038716685261_n-1536x2048.jpg 1536w, https:\/\/collineduchene.com\/wp-content\/uploads\/2024\/01\/411048510_746389303650000_7971340038716685261_n-scaled.jpg 1920w\" sizes=\"auto, (max-width: 768px) 100vw, 768px\" \/><\/figure>\n\n\n\n<figure class=\"wp-block-image size-large\"><img loading=\"lazy\" decoding=\"async\" width=\"683\" height=\"1024\" data-id=\"597\" src=\"https:\/\/collineduchene.com\/wp-content\/uploads\/2024\/02\/IMG_9342-683x1024.jpeg\" alt=\"\" class=\"wp-image-597\" srcset=\"https:\/\/collineduchene.com\/wp-content\/uploads\/2024\/02\/IMG_9342-683x1024.jpeg 683w, https:\/\/collineduchene.com\/wp-content\/uploads\/2024\/02\/IMG_9342-200x300.jpeg 200w, https:\/\/collineduchene.com\/wp-content\/uploads\/2024\/02\/IMG_9342-768x1152.jpeg 768w, https:\/\/collineduchene.com\/wp-content\/uploads\/2024\/02\/IMG_9342-1024x1536.jpeg 1024w, https:\/\/collineduchene.com\/wp-content\/uploads\/2024\/02\/IMG_9342-600x900.jpeg 600w, https:\/\/collineduchene.com\/wp-content\/uploads\/2024\/02\/IMG_9342.jpeg 1365w\" sizes=\"auto, (max-width: 683px) 100vw, 683px\" \/><\/figure>\n\n\n\n<figure class=\"wp-block-image size-large\"><img loading=\"lazy\" decoding=\"async\" width=\"768\" height=\"1024\" data-id=\"419\" src=\"http:\/\/collineduchene.com\/wp-content\/uploads\/2024\/01\/411086332_1117953632711903_6681790764050056604_n-768x1024.jpg\" alt=\"\" class=\"wp-image-419\" srcset=\"https:\/\/collineduchene.com\/wp-content\/uploads\/2024\/01\/411086332_1117953632711903_6681790764050056604_n-768x1024.jpg 768w, https:\/\/collineduchene.com\/wp-content\/uploads\/2024\/01\/411086332_1117953632711903_6681790764050056604_n-600x800.jpg 600w, https:\/\/collineduchene.com\/wp-content\/uploads\/2024\/01\/411086332_1117953632711903_6681790764050056604_n-225x300.jpg 225w, https:\/\/collineduchene.com\/wp-content\/uploads\/2024\/01\/411086332_1117953632711903_6681790764050056604_n.jpg 828w\" sizes=\"auto, (max-width: 768px) 100vw, 768px\" \/><\/figure>\n<\/figure>\n<\/div><\/div>\n\n<section id=\"\" class=\"block-text  show-on-scroll\">\n\t<div class=\"block-text__container\">\n\t\t<div class=\"block-text__content\">\n\t\t\t<h3>Local products and partnerships<\/h3>\n<p>You\u2019ll find at the kiosk \u2013 in addition to a wide selection of organic vegetables grown on site \u2013 a variety of products from other local producers with whom we share eco-responsable values.<\/p>\n\t\t\n\t\t<\/div>\n\t<\/div>\n<\/section>\n<section id=\"\" class=\"block-list  show-on-scroll\">\n\t<div class=\"block-list__container\">\n\t\t<div class=\"block-list__list\">\n\t\t\t\t\t\t\t\t\t\t\t\t<div class=\"block-list__item\">\n\t\t\t\t\t\t<h3 class=\"block-list__subtitle\">La Ferme d\u2019\u00e0 C\u00f4t\u00e9<\/h3>\n\t\t\t\t\t\t<div class=\"block-list__text\"><p>Free-range eggs and grain-fed chicken.<br \/>\n**Available at the kiosk or by subscription.<\/p>\n<\/div>\n\t\t\t\t\t\t\t\t\t\t\t<\/div>\n\t\t\t\t\t\t\t\t\t<div class=\"block-list__item\">\n\t\t\t\t\t\t<h3 class=\"block-list__subtitle\">La Mie bretonne<\/h3>\n\t\t\t\t\t\t<div class=\"block-list__text\"><p>Organic bread and buns, frozen pastries and frozen pizza dough.<br \/>\n**Available at the kiosk or by subscription.<\/p>\n<\/div>\n\t\t\t\t\t\t\t\t\t\t\t<\/div>\n\t\t\t\t\t\t\t\t\t<div class=\"block-list__item\">\n\t\t\t\t\t\t<h3 class=\"block-list__subtitle\">Patch Farm, Cheeky Creek, Les jardins en mouvements<\/h3>\n\t\t\t\t\t\t<div class=\"block-list__text\"><p>Meat; Ground beef, Bacon, Sausages, Rillette, Pepperoni\u2026<\/p>\n<\/div>\n\t\t\t\t\t\t\t\t\t\t\t<\/div>\n\t\t\t\t\t\t\t\t\t<div class=\"block-list__item\">\n\t\t\t\t\t\t<h3 class=\"block-list__subtitle\">L&#8217;ar\u00f4me des champs<\/h3>\n\t\t\t\t\t\t<div class=\"block-list__text\"><p>Organic Sunflower oil<\/p>\n<\/div>\n\t\t\t\t\t\t\t\t\t\t\t<\/div>\n\t\t\t\t\t\t\t\t\t<div class=\"block-list__item\">\n\t\t\t\t\t\t<h3 class=\"block-list__subtitle\">Mycep<\/h3>\n\t\t\t\t\t\t<div class=\"block-list__text\"><p>Mushrooms<\/p>\n<\/div>\n\t\t\t\t\t\t\t\t\t\t\t<\/div>\n\t\t\t\t\t\t\t\t\t<div class=\"block-list__item\">\n\t\t\t\t\t\t<h3 class=\"block-list__subtitle\">Blumen and Rose Blanche<\/h3>\n\t\t\t\t\t\t<div class=\"block-list__text\"><p>Sustainable Flowers<\/p>\n<\/div>\n\t\t\t\t\t\t\t\t\t\t\t<\/div>\n\t\t\t\t\t\t\t\t\t<div class=\"block-list__item\">\n\t\t\t\t\t\t<h3 class=\"block-list__subtitle\">Others<\/h3>\n\t\t\t\t\t\t<div class=\"block-list__text\"><p>Honey, Maple sirup, Jam, Dumpling, Sauerkraut, Hot sauce, Fruits and berries, Beverages, Ground coffee, Cheese\u2026<\/p>\n<\/div>\n\t\t\t\t\t\t\t\t\t\t\t<\/div>\n\t\t\t\t\t\t\t\t\t<div class=\"block-list__item\">\n\t\t\t\t\t\t<h3 class=\"block-list__subtitle\"><\/h3>\n\t\t\t\t\t\t<div class=\"block-list__text\"><p>&nbsp;<\/p>\n<\/div>\n\t\t\t\t\t\t\t\t\t\t\t<\/div>\n\t\t\t\t\t\t\t\t\t<div class=\"block-list__item\">\n\t\t\t\t\t\t<h3 class=\"block-list__subtitle\"><\/h3>\n\t\t\t\t\t\t<div class=\"block-list__text\"><p><strong><em>And much more!<\/em><\/strong><\/p>\n<\/div>\n\t\t\t\t\t\t\t\t\t\t\t<\/div>\n\t\t\t\t\t\t\t\t\t<\/div>\n\t<\/div>\n<\/section>\n<section id=\"\" class=\"block-text  show-on-scroll\">\n\t<div class=\"block-text__container\">\n\t\t<div class=\"block-text__content\">\n\t\t\t<p>With these partnerships, we want to ensure access to a diversity of quality products at our kiosk, but also to highlight the expertise of local producers. We\u2019re then hoping to contribute to the promotion of eco-responsable and local agriculture as well as encouraging local economy.<\/p>\n\t\t\n\t\t<\/div>\n\t<\/div>\n<\/section>","protected":false},"excerpt":{"rendered":"","protected":false},"author":1,"featured_media":0,"parent":0,"menu_order":0,"comment_status":"closed","ping_status":"closed","template":"","meta":{"_acf_changed":false,"footnotes":""},"class_list":["post-482","page","type-page","status-publish","hentry"],"acf":[],"yoast_head":"<!-- This site is optimized with the Yoast SEO plugin v25.6 - https:\/\/yoast.com\/wordpress\/plugins\/seo\/ -->\n<title>Kiosk - Ferme de la colline du ch\u00eane<\/title>\n<meta name=\"robots\" content=\"index, follow, max-snippet:-1, max-image-preview:large, max-video-preview:-1\" \/>\n<link rel=\"canonical\" href=\"https:\/\/collineduchene.com\/en\/stand\/\" \/>\n<meta property=\"og:locale\" content=\"en_US\" \/>\n<meta property=\"og:type\" content=\"article\" \/>\n<meta property=\"og:title\" content=\"Kiosk - Ferme de la colline du ch\u00eane\" \/>\n<meta property=\"og:url\" content=\"https:\/\/collineduchene.com\/en\/stand\/\" \/>\n<meta property=\"og:site_name\" content=\"Ferme de la colline du ch\u00eane\" \/>\n<meta property=\"article:publisher\" content=\"https:\/\/www.facebook.com\/FermeDeLaCollineDuCheneCooperativeDeSolidarite\/\" \/>\n<meta property=\"article:modified_time\" content=\"2024-02-20T20:24:05+00:00\" \/>\n<meta property=\"og:image\" content=\"https:\/\/collineduchene.com\/wp-content\/uploads\/2024\/02\/IMG_9343.jpeg\" \/>\n<meta name=\"twitter:card\" content=\"summary_large_image\" \/>\n<meta name=\"twitter:label1\" content=\"Est. reading time\" \/>\n\t<meta name=\"twitter:data1\" content=\"4 minutes\" \/>\n<script type=\"application\/ld+json\" class=\"yoast-schema-graph\">{\"@context\":\"https:\/\/schema.org\",\"@graph\":[{\"@type\":\"WebPage\",\"@id\":\"https:\/\/collineduchene.com\/en\/stand\/\",\"url\":\"https:\/\/collineduchene.com\/en\/stand\/\",\"name\":\"Kiosk - Ferme de la colline du ch\u00eane\",\"isPartOf\":{\"@id\":\"https:\/\/collineduchene.com\/en\/#website\"},\"primaryImageOfPage\":{\"@id\":\"https:\/\/collineduchene.com\/en\/stand\/#primaryimage\"},\"image\":{\"@id\":\"https:\/\/collineduchene.com\/en\/stand\/#primaryimage\"},\"thumbnailUrl\":\"https:\/\/collineduchene.com\/wp-content\/uploads\/2024\/02\/IMG_9343.jpeg\",\"datePublished\":\"2023-11-03T21:12:15+00:00\",\"dateModified\":\"2024-02-20T20:24:05+00:00\",\"breadcrumb\":{\"@id\":\"https:\/\/collineduchene.com\/en\/stand\/#breadcrumb\"},\"inLanguage\":\"en-US\",\"potentialAction\":[{\"@type\":\"ReadAction\",\"target\":[\"https:\/\/collineduchene.com\/en\/stand\/\"]}]},{\"@type\":\"ImageObject\",\"inLanguage\":\"en-US\",\"@id\":\"https:\/\/collineduchene.com\/en\/stand\/#primaryimage\",\"url\":\"https:\/\/collineduchene.com\/wp-content\/uploads\/2024\/02\/IMG_9343.jpeg\",\"contentUrl\":\"https:\/\/collineduchene.com\/wp-content\/uploads\/2024\/02\/IMG_9343.jpeg\"},{\"@type\":\"BreadcrumbList\",\"@id\":\"https:\/\/collineduchene.com\/en\/stand\/#breadcrumb\",\"itemListElement\":[{\"@type\":\"ListItem\",\"position\":1,\"name\":\"Accueil\",\"item\":\"https:\/\/collineduchene.com\/en\/\"},{\"@type\":\"ListItem\",\"position\":2,\"name\":\"Kiosk\"}]},{\"@type\":\"WebSite\",\"@id\":\"https:\/\/collineduchene.com\/en\/#website\",\"url\":\"https:\/\/collineduchene.com\/en\/\",\"name\":\"Ferme de la colline du ch\u00eane\",\"description\":\"\",\"publisher\":{\"@id\":\"https:\/\/collineduchene.com\/en\/#organization\"},\"potentialAction\":[{\"@type\":\"SearchAction\",\"target\":{\"@type\":\"EntryPoint\",\"urlTemplate\":\"https:\/\/collineduchene.com\/en\/?s={search_term_string}\"},\"query-input\":{\"@type\":\"PropertyValueSpecification\",\"valueRequired\":true,\"valueName\":\"search_term_string\"}}],\"inLanguage\":\"en-US\"},{\"@type\":\"Organization\",\"@id\":\"https:\/\/collineduchene.com\/en\/#organization\",\"name\":\"Ferme de la colline du ch\u00eane\",\"url\":\"https:\/\/collineduchene.com\/en\/\",\"logo\":{\"@type\":\"ImageObject\",\"inLanguage\":\"en-US\",\"@id\":\"https:\/\/collineduchene.com\/en\/#\/schema\/logo\/image\/\",\"url\":\"http:\/\/collineduchene.codeetcie.ca\/wp-content\/uploads\/2023\/12\/logo-new.png\",\"contentUrl\":\"http:\/\/collineduchene.codeetcie.ca\/wp-content\/uploads\/2023\/12\/logo-new.png\",\"width\":1108,\"height\":319,\"caption\":\"Ferme de la colline du ch\u00eane\"},\"image\":{\"@id\":\"https:\/\/collineduchene.com\/en\/#\/schema\/logo\/image\/\"},\"sameAs\":[\"https:\/\/www.facebook.com\/FermeDeLaCollineDuCheneCooperativeDeSolidarite\/\",\"https:\/\/www.instagram.com\/colline_du_chene\/\"]}]}<\/script>\n<!-- \/ Yoast SEO plugin. -->","yoast_head_json":{"title":"Kiosk - Ferme de la colline du ch\u00eane","robots":{"index":"index","follow":"follow","max-snippet":"max-snippet:-1","max-image-preview":"max-image-preview:large","max-video-preview":"max-video-preview:-1"},"canonical":"https:\/\/collineduchene.com\/en\/stand\/","og_locale":"en_US","og_type":"article","og_title":"Kiosk - Ferme de la colline du ch\u00eane","og_url":"https:\/\/collineduchene.com\/en\/stand\/","og_site_name":"Ferme de la colline du ch\u00eane","article_publisher":"https:\/\/www.facebook.com\/FermeDeLaCollineDuCheneCooperativeDeSolidarite\/","article_modified_time":"2024-02-20T20:24:05+00:00","og_image":[{"url":"https:\/\/collineduchene.com\/wp-content\/uploads\/2024\/02\/IMG_9343.jpeg","type":"","width":"","height":""}],"twitter_card":"summary_large_image","twitter_misc":{"Est. reading time":"4 minutes"},"schema":{"@context":"https:\/\/schema.org","@graph":[{"@type":"WebPage","@id":"https:\/\/collineduchene.com\/en\/stand\/","url":"https:\/\/collineduchene.com\/en\/stand\/","name":"Kiosk - Ferme de la colline du ch\u00eane","isPartOf":{"@id":"https:\/\/collineduchene.com\/en\/#website"},"primaryImageOfPage":{"@id":"https:\/\/collineduchene.com\/en\/stand\/#primaryimage"},"image":{"@id":"https:\/\/collineduchene.com\/en\/stand\/#primaryimage"},"thumbnailUrl":"https:\/\/collineduchene.com\/wp-content\/uploads\/2024\/02\/IMG_9343.jpeg","datePublished":"2023-11-03T21:12:15+00:00","dateModified":"2024-02-20T20:24:05+00:00","breadcrumb":{"@id":"https:\/\/collineduchene.com\/en\/stand\/#breadcrumb"},"inLanguage":"en-US","potentialAction":[{"@type":"ReadAction","target":["https:\/\/collineduchene.com\/en\/stand\/"]}]},{"@type":"ImageObject","inLanguage":"en-US","@id":"https:\/\/collineduchene.com\/en\/stand\/#primaryimage","url":"https:\/\/collineduchene.com\/wp-content\/uploads\/2024\/02\/IMG_9343.jpeg","contentUrl":"https:\/\/collineduchene.com\/wp-content\/uploads\/2024\/02\/IMG_9343.jpeg"},{"@type":"BreadcrumbList","@id":"https:\/\/collineduchene.com\/en\/stand\/#breadcrumb","itemListElement":[{"@type":"ListItem","position":1,"name":"Accueil","item":"https:\/\/collineduchene.com\/en\/"},{"@type":"ListItem","position":2,"name":"Kiosk"}]},{"@type":"WebSite","@id":"https:\/\/collineduchene.com\/en\/#website","url":"https:\/\/collineduchene.com\/en\/","name":"Ferme de la colline du ch\u00eane","description":"","publisher":{"@id":"https:\/\/collineduchene.com\/en\/#organization"},"potentialAction":[{"@type":"SearchAction","target":{"@type":"EntryPoint","urlTemplate":"https:\/\/collineduchene.com\/en\/?s={search_term_string}"},"query-input":{"@type":"PropertyValueSpecification","valueRequired":true,"valueName":"search_term_string"}}],"inLanguage":"en-US"},{"@type":"Organization","@id":"https:\/\/collineduchene.com\/en\/#organization","name":"Ferme de la colline du ch\u00eane","url":"https:\/\/collineduchene.com\/en\/","logo":{"@type":"ImageObject","inLanguage":"en-US","@id":"https:\/\/collineduchene.com\/en\/#\/schema\/logo\/image\/","url":"http:\/\/collineduchene.codeetcie.ca\/wp-content\/uploads\/2023\/12\/logo-new.png","contentUrl":"http:\/\/collineduchene.codeetcie.ca\/wp-content\/uploads\/2023\/12\/logo-new.png","width":1108,"height":319,"caption":"Ferme de la colline du ch\u00eane"},"image":{"@id":"https:\/\/collineduchene.com\/en\/#\/schema\/logo\/image\/"},"sameAs":["https:\/\/www.facebook.com\/FermeDeLaCollineDuCheneCooperativeDeSolidarite\/","https:\/\/www.instagram.com\/colline_du_chene\/"]}]}},"_links":{"self":[{"href":"https:\/\/collineduchene.com\/en\/wp-json\/wp\/v2\/pages\/482","targetHints":{"allow":["GET"]}}],"collection":[{"href":"https:\/\/collineduchene.com\/en\/wp-json\/wp\/v2\/pages"}],"about":[{"href":"https:\/\/collineduchene.com\/en\/wp-json\/wp\/v2\/types\/page"}],"author":[{"embeddable":true,"href":"https:\/\/collineduchene.com\/en\/wp-json\/wp\/v2\/users\/1"}],"replies":[{"embeddable":true,"href":"https:\/\/collineduchene.com\/en\/wp-json\/wp\/v2\/comments?post=482"}],"version-history":[{"count":18,"href":"https:\/\/collineduchene.com\/en\/wp-json\/wp\/v2\/pages\/482\/revisions"}],"predecessor-version":[{"id":980,"href":"https:\/\/collineduchene.com\/en\/wp-json\/wp\/v2\/pages\/482\/revisions\/980"}],"wp:attachment":[{"href":"https:\/\/collineduchene.com\/en\/wp-json\/wp\/v2\/media?parent=482"}],"curies":[{"name":"wp","href":"https:\/\/api.w.org\/{rel}","templated":true}]}}