{"id":476,"date":"2024-01-11T15:27:05","date_gmt":"2024-01-11T20:27:05","guid":{"rendered":"http:\/\/collineduchene.codeetcie.ca\/bromont\/"},"modified":"2024-02-09T18:58:57","modified_gmt":"2024-02-09T23:58:57","slug":"bromont","status":"publish","type":"page","link":"https:\/\/collineduchene.com\/en\/bromont\/","title":{"rendered":"Bromont"},"content":{"rendered":"\n<section id=\"\" class=\"block-bannertitle  show-on-scroll\">\n\t<div class=\"block-bannertitle__container\" style=\"background-image:url('https:\/\/collineduchene.com\/wp-content\/uploads\/2023\/11\/IMG_7311.png')\">\n\t\t<div class=\"block-bannertitle__overlay\"><\/div>\n\t\t<p class=\"block-bannertitle__title\">Bromont<\/p>\n\t<\/div>\n<\/section>\n\n\n<section id=\"\" class=\"block-text  show-on-scroll\">\n\t<div class=\"block-text__container\">\n\t\t<div class=\"block-text__content\">\n\t\t\t<p>The CSA Basket includes :<\/p>\n<ul>\n<li><strong>19 weeks of organic vegetables<\/strong> delivered every week \u2013 from June to November \u2013 in one of our 6 drop points.<\/li>\n<li>Your choice between <strong>3 sizes<\/strong> of basket : Small \u2013 Regular \u2013 Large<\/li>\n<li>More than 50 varieties of organic veggies grown locally<\/li>\n<li>A <strong>weekly newsletter<\/strong> that informs you of the content of your upcoming basket + includes recipes and stories about what\u2019s happening at the farm (available in french only).<\/li>\n<\/ul>\n<p>Add-ons available for your basket :<\/p>\n<ul>\n<li><strong>Mushrooms <\/strong>(12$\/250g) from Mycep Farm ~ Every two weeks<\/li>\n<li><strong>Organic bread<\/strong> (7,75$\/bread) from Mie Bretonne ~ weekly or every 2 weeks<\/li>\n<li><strong>Free-range eggs<\/strong> (7$\/dozen) from Ferme d&#8217;\u00c0 C\u00f4t\u00e9 ~ weekly or every 2 weeks<\/li>\n<\/ul>\n<p>&nbsp;<\/p>\n\t\t\n\t\t<\/div>\n\t<\/div>\n<\/section>\n\n\n<section id=\"\" class=\"block-columns paniers show-on-scroll\">\n\t<div class=\"block-columns__container\">\n\t\t<div class=\"block-columns__content\">\n\t\t\t\t\t\t\t\t\t\t\t<\/div>\n\t\t\t\t\t<div class=\"block-columns__row\">\n\t\t\t\t\t\t\t\t\t<div class=\"block-columns__col\">\n\t\t\t\t\t\t<h3 class=\"block-columns__subtitle\">Small basket<\/h3>\n\t\t\t\t\t\t<div class=\"block-columns__text\"><p><strong>522$ &#8211; One person<\/strong><\/p>\n<p>26$\/week x 19 weeks + 28$ (A mandatory contribution to the &#8220;R\u00e9seau des fermier.\u00e8re.s de famille du Qu\u00e9bec\u201d)<\/p>\n<\/div>\n\t\t\t\t\t\t\t\t\t\t\t\t\t<a class=\"block-columns__button\" href=\"http:\/\/collineduchene.com\/produit\/petit-panier\/\" target=\"_self\">Subscribe<\/a>\n\t\t\t\t\t\t\t\t\t\t\t<\/div>\n\t\t\t\t\t\t\t\t\t<div class=\"block-columns__col\">\n\t\t\t\t\t\t<h3 class=\"block-columns__subtitle\">Regular basket<\/h3>\n\t\t\t\t\t\t<div class=\"block-columns__text\"><p><strong>712$ &#8211; 2 people<\/strong><\/p>\n<p>36$\/week x 19 weeks + 28$ (A mandatory contribution to the &#8220;R\u00e9seau des fermier.\u00e8re.s de famille du Qu\u00e9bec\u201d)<\/p>\n<\/div>\n\t\t\t\t\t\t\t\t\t\t\t\t\t<a class=\"block-columns__button\" href=\"http:\/\/collineduchene.com\/produit\/panier-regulier\/\" target=\"_self\">Subscribe<\/a>\n\t\t\t\t\t\t\t\t\t\t\t<\/div>\n\t\t\t\t\t\t\t\t\t<div class=\"block-columns__col\">\n\t\t\t\t\t\t<h3 class=\"block-columns__subtitle\">Large basket<\/h3>\n\t\t\t\t\t\t<div class=\"block-columns__text\"><p><strong>902$ &#8211; 3 people or more<\/strong><\/p>\n<p>46$\/week x 19 weeks + 28$ (A mandatory contribution to the &#8220;R\u00e9seau des fermier.\u00e8re.s de famille du Qu\u00e9bec\u201d)<\/p>\n<\/div>\n\t\t\t\t\t\t\t\t\t\t\t\t\t<a class=\"block-columns__button\" href=\"http:\/\/collineduchene.com\/produit\/grand-panier\/\" target=\"_self\">Subscribe<\/a>\n\t\t\t\t\t\t\t\t\t\t\t<\/div>\n\t\t\t\t\t\t\t<\/div>\n\t\t\t<\/div>\n<\/section>\n\n\n<section id=\"\" class=\"block-text  show-on-scroll\">\n\t<div class=\"block-text__container\">\n\t\t<div class=\"block-text__content\">\n\t\t\t<h3>How does it work?<\/h3>\n<p>Select your city \u2192 Choose the size of your CSA Basket \u2192 Select your Drop point \u2192 Add options if you\u2019d like (organic bred, free range eggs, mushrooms) \u2192 Come get your CSA Basket, every week from June to November 2024 !<\/p>\n<p>Every week, your farmers put together the contents of your basket according to the season\u2019s availability.<\/p>\n<ul>\n<li>An exchange basket is always available on site, allowing you to swap a vegetable you don\u2019t like for another one you prefer;<\/li>\n<li>Possibility of taking up to 2 weeks of vacation<\/li>\n<\/ul>\n\t\t\n\t\t<\/div>\n\t<\/div>\n<\/section>\n\n\n<section id=\"\" class=\"block-bannertitle  show-on-scroll\">\n\t<div class=\"block-bannertitle__container\" style=\"background-image:url('https:\/\/collineduchene.com\/wp-content\/uploads\/2023\/11\/307381056_8171534632919347_6727963599225956473_n-1.jpg')\">\n\t\t<div class=\"block-bannertitle__overlay\"><\/div>\n\t\t<p class=\"block-bannertitle__title\">Drop points<\/p>\n\t<\/div>\n<\/section>\n\n\n<div class=\"wp-block-group\"><div class=\"wp-block-group__inner-container is-layout-constrained wp-block-group-is-layout-constrained\">\n<section id=\"\" class=\"block-columns  show-on-scroll\">\n\t<div class=\"block-columns__container\">\n\t\t<div class=\"block-columns__content\">\n\t\t\t\t\t\t\t\t\t\t\t<\/div>\n\t\t\t\t\t<div class=\"block-columns__row\">\n\t\t\t\t\t\t\t\t\t<div class=\"block-columns__col\">\n\t\t\t\t\t\t<h3 class=\"block-columns__subtitle\">At the farm<\/h3>\n\t\t\t\t\t\t<div class=\"block-columns__text\"><p><a class=\"csc-pos__address\" href=\"https:\/\/www.google.com\/maps\/place\/790+Chem.+du+Lac+Gale,+Bromont,+QC+J2L+2S5\/@45.2866517,-72.6837873,17z\/data=!3m1!4b1!4m6!3m5!1s0x4cc9dbc1db3d0a5f:0x20089c6892adf6b4!8m2!3d45.286648!4d-72.6812124!16s%2Fg%2F11csk1dkvg?entry=ttu\" target=\"_map\">790, CH du Lac Gale,<br \/>\nBromont, QC,<br \/>\nJ2L 2S6<\/a><\/p>\n<p><a class=\"csc-pos__tel\" href=\"tel:(450)%20578-2125\">(450) 578-2125<\/a><\/p>\n<div class=\"csc-pos__details\">\n<p><strong>Schedule<\/strong><br \/>\nThursday from 15h to 18h<\/p>\n<\/div>\n<\/div>\n\t\t\t\t\t\t\t\t\t\t\t<\/div>\n\t\t\t\t\t\t\t\t\t<div class=\"block-columns__col\">\n\t\t\t\t\t\t<h3 class=\"block-columns__subtitle\">Velodrome and Multisports center<\/h3>\n\t\t\t\t\t\t<div class=\"block-columns__text\"><p><a class=\"csc-pos__address\" href=\"https:\/\/www.google.com\/maps\/place\/400+Rue+Shefford,+Bromont,+QC+J2L+1B8\/@45.3231733,-72.6455748,17z\/data=!3m1!4b1!4m5!3m4!1s0x4cc9da1c3f5e137b:0xf5fd7a67fcc95eac!8m2!3d45.3231696!4d-72.6429999?entry=ttu\" target=\"_map\">400, rue Shefford,<br \/>\nBromont, QC,<br \/>\nJ2L 3E7<\/a><\/p>\n<p><a class=\"csc-pos__tel\" href=\"tel:(450)%20534-3333\">(450) 534-3333<\/a><\/p>\n<div class=\"csc-pos__details\">\n<p><strong>Schedule<br \/>\n<\/strong>Tuesday from 15h to 18h | Pick-up<\/p>\n<\/div>\n<\/div>\n\t\t\t\t\t\t\t\t\t\t\t<\/div>\n\t\t\t\t\t\t\t\t\t<div class=\"block-columns__col\">\n\t\t\t\t\t\t<h3 class=\"block-columns__subtitle\">Ar\u00f4me des champs<\/h3>\n\t\t\t\t\t\t<div class=\"block-columns__text\"><p><a class=\"csc-pos__address\" href=\"https:\/\/www.google.com\/maps\/place\/L'ar%C3%B4me+des+champs\/@45.32493,-72.70388,15z\/data=!4m6!3m5!1s0x4cc9daedc9cfed2b:0xdb0ea77037ecca69!8m2!3d45.32493!4d-72.70388!16s%2Fg%2F11g0p0z9vk?entry=ttu\" target=\"_map\">1699, Chemin Darcy,<br \/>\nBromont, Qc,<br \/>\nJ2L 2X2<\/a><\/p>\n<p><a class=\"csc-pos__tel\" href=\"tel:(450)%20534-2863\">(450) 534-2863<\/a><\/p>\n<div class=\"csc-pos__details\">\n<p><strong>Schedule<\/strong><br \/>\nTuesday from 15h to 18h | Pick-up<\/p>\n<\/div>\n<\/div>\n\t\t\t\t\t\t\t\t\t\t\t<\/div>\n\t\t\t\t\t\t\t<\/div>\n\t\t\t<\/div>\n<\/section><\/div><\/div>\n","protected":false},"excerpt":{"rendered":"","protected":false},"author":1,"featured_media":0,"parent":0,"menu_order":0,"comment_status":"closed","ping_status":"closed","template":"","meta":{"_acf_changed":false,"footnotes":""},"class_list":["post-476","page","type-page","status-publish","hentry"],"acf":[],"yoast_head":"<!-- This site is optimized with the Yoast SEO plugin v25.6 - https:\/\/yoast.com\/wordpress\/plugins\/seo\/ -->\n<title>Bromont - Ferme de la colline du ch\u00eane<\/title>\n<meta name=\"robots\" content=\"index, follow, max-snippet:-1, max-image-preview:large, max-video-preview:-1\" \/>\n<link rel=\"canonical\" href=\"https:\/\/collineduchene.com\/en\/bromont\/\" \/>\n<meta property=\"og:locale\" content=\"en_US\" \/>\n<meta property=\"og:type\" content=\"article\" \/>\n<meta property=\"og:title\" content=\"Bromont - Ferme de la colline du ch\u00eane\" \/>\n<meta property=\"og:url\" content=\"https:\/\/collineduchene.com\/en\/bromont\/\" \/>\n<meta property=\"og:site_name\" content=\"Ferme de la colline du ch\u00eane\" \/>\n<meta property=\"article:publisher\" content=\"https:\/\/www.facebook.com\/FermeDeLaCollineDuCheneCooperativeDeSolidarite\/\" \/>\n<meta property=\"article:modified_time\" content=\"2024-02-09T23:58:57+00:00\" \/>\n<meta name=\"twitter:card\" content=\"summary_large_image\" \/>\n<meta name=\"twitter:label1\" content=\"Est. reading time\" \/>\n\t<meta name=\"twitter:data1\" content=\"3 minutes\" \/>\n<script type=\"application\/ld+json\" class=\"yoast-schema-graph\">{\"@context\":\"https:\/\/schema.org\",\"@graph\":[{\"@type\":\"WebPage\",\"@id\":\"https:\/\/collineduchene.com\/en\/bromont\/\",\"url\":\"https:\/\/collineduchene.com\/en\/bromont\/\",\"name\":\"Bromont - Ferme de la colline du ch\u00eane\",\"isPartOf\":{\"@id\":\"https:\/\/collineduchene.com\/en\/#website\"},\"datePublished\":\"2024-01-11T20:27:05+00:00\",\"dateModified\":\"2024-02-09T23:58:57+00:00\",\"breadcrumb\":{\"@id\":\"https:\/\/collineduchene.com\/en\/bromont\/#breadcrumb\"},\"inLanguage\":\"en-US\",\"potentialAction\":[{\"@type\":\"ReadAction\",\"target\":[\"https:\/\/collineduchene.com\/en\/bromont\/\"]}]},{\"@type\":\"BreadcrumbList\",\"@id\":\"https:\/\/collineduchene.com\/en\/bromont\/#breadcrumb\",\"itemListElement\":[{\"@type\":\"ListItem\",\"position\":1,\"name\":\"Accueil\",\"item\":\"https:\/\/collineduchene.com\/en\/\"},{\"@type\":\"ListItem\",\"position\":2,\"name\":\"Bromont\"}]},{\"@type\":\"WebSite\",\"@id\":\"https:\/\/collineduchene.com\/en\/#website\",\"url\":\"https:\/\/collineduchene.com\/en\/\",\"name\":\"Ferme de la colline du ch\u00eane\",\"description\":\"\",\"publisher\":{\"@id\":\"https:\/\/collineduchene.com\/en\/#organization\"},\"potentialAction\":[{\"@type\":\"SearchAction\",\"target\":{\"@type\":\"EntryPoint\",\"urlTemplate\":\"https:\/\/collineduchene.com\/en\/?s={search_term_string}\"},\"query-input\":{\"@type\":\"PropertyValueSpecification\",\"valueRequired\":true,\"valueName\":\"search_term_string\"}}],\"inLanguage\":\"en-US\"},{\"@type\":\"Organization\",\"@id\":\"https:\/\/collineduchene.com\/en\/#organization\",\"name\":\"Ferme de la colline du ch\u00eane\",\"url\":\"https:\/\/collineduchene.com\/en\/\",\"logo\":{\"@type\":\"ImageObject\",\"inLanguage\":\"en-US\",\"@id\":\"https:\/\/collineduchene.com\/en\/#\/schema\/logo\/image\/\",\"url\":\"http:\/\/collineduchene.codeetcie.ca\/wp-content\/uploads\/2023\/12\/logo-new.png\",\"contentUrl\":\"http:\/\/collineduchene.codeetcie.ca\/wp-content\/uploads\/2023\/12\/logo-new.png\",\"width\":1108,\"height\":319,\"caption\":\"Ferme de la colline du ch\u00eane\"},\"image\":{\"@id\":\"https:\/\/collineduchene.com\/en\/#\/schema\/logo\/image\/\"},\"sameAs\":[\"https:\/\/www.facebook.com\/FermeDeLaCollineDuCheneCooperativeDeSolidarite\/\",\"https:\/\/www.instagram.com\/colline_du_chene\/\"]}]}<\/script>\n<!-- \/ Yoast SEO plugin. -->","yoast_head_json":{"title":"Bromont - Ferme de la colline du ch\u00eane","robots":{"index":"index","follow":"follow","max-snippet":"max-snippet:-1","max-image-preview":"max-image-preview:large","max-video-preview":"max-video-preview:-1"},"canonical":"https:\/\/collineduchene.com\/en\/bromont\/","og_locale":"en_US","og_type":"article","og_title":"Bromont - Ferme de la colline du ch\u00eane","og_url":"https:\/\/collineduchene.com\/en\/bromont\/","og_site_name":"Ferme de la colline du ch\u00eane","article_publisher":"https:\/\/www.facebook.com\/FermeDeLaCollineDuCheneCooperativeDeSolidarite\/","article_modified_time":"2024-02-09T23:58:57+00:00","twitter_card":"summary_large_image","twitter_misc":{"Est. reading time":"3 minutes"},"schema":{"@context":"https:\/\/schema.org","@graph":[{"@type":"WebPage","@id":"https:\/\/collineduchene.com\/en\/bromont\/","url":"https:\/\/collineduchene.com\/en\/bromont\/","name":"Bromont - Ferme de la colline du ch\u00eane","isPartOf":{"@id":"https:\/\/collineduchene.com\/en\/#website"},"datePublished":"2024-01-11T20:27:05+00:00","dateModified":"2024-02-09T23:58:57+00:00","breadcrumb":{"@id":"https:\/\/collineduchene.com\/en\/bromont\/#breadcrumb"},"inLanguage":"en-US","potentialAction":[{"@type":"ReadAction","target":["https:\/\/collineduchene.com\/en\/bromont\/"]}]},{"@type":"BreadcrumbList","@id":"https:\/\/collineduchene.com\/en\/bromont\/#breadcrumb","itemListElement":[{"@type":"ListItem","position":1,"name":"Accueil","item":"https:\/\/collineduchene.com\/en\/"},{"@type":"ListItem","position":2,"name":"Bromont"}]},{"@type":"WebSite","@id":"https:\/\/collineduchene.com\/en\/#website","url":"https:\/\/collineduchene.com\/en\/","name":"Ferme de la colline du ch\u00eane","description":"","publisher":{"@id":"https:\/\/collineduchene.com\/en\/#organization"},"potentialAction":[{"@type":"SearchAction","target":{"@type":"EntryPoint","urlTemplate":"https:\/\/collineduchene.com\/en\/?s={search_term_string}"},"query-input":{"@type":"PropertyValueSpecification","valueRequired":true,"valueName":"search_term_string"}}],"inLanguage":"en-US"},{"@type":"Organization","@id":"https:\/\/collineduchene.com\/en\/#organization","name":"Ferme de la colline du ch\u00eane","url":"https:\/\/collineduchene.com\/en\/","logo":{"@type":"ImageObject","inLanguage":"en-US","@id":"https:\/\/collineduchene.com\/en\/#\/schema\/logo\/image\/","url":"http:\/\/collineduchene.codeetcie.ca\/wp-content\/uploads\/2023\/12\/logo-new.png","contentUrl":"http:\/\/collineduchene.codeetcie.ca\/wp-content\/uploads\/2023\/12\/logo-new.png","width":1108,"height":319,"caption":"Ferme de la colline du ch\u00eane"},"image":{"@id":"https:\/\/collineduchene.com\/en\/#\/schema\/logo\/image\/"},"sameAs":["https:\/\/www.facebook.com\/FermeDeLaCollineDuCheneCooperativeDeSolidarite\/","https:\/\/www.instagram.com\/colline_du_chene\/"]}]}},"_links":{"self":[{"href":"https:\/\/collineduchene.com\/en\/wp-json\/wp\/v2\/pages\/476","targetHints":{"allow":["GET"]}}],"collection":[{"href":"https:\/\/collineduchene.com\/en\/wp-json\/wp\/v2\/pages"}],"about":[{"href":"https:\/\/collineduchene.com\/en\/wp-json\/wp\/v2\/types\/page"}],"author":[{"embeddable":true,"href":"https:\/\/collineduchene.com\/en\/wp-json\/wp\/v2\/users\/1"}],"replies":[{"embeddable":true,"href":"https:\/\/collineduchene.com\/en\/wp-json\/wp\/v2\/comments?post=476"}],"version-history":[{"count":27,"href":"https:\/\/collineduchene.com\/en\/wp-json\/wp\/v2\/pages\/476\/revisions"}],"predecessor-version":[{"id":922,"href":"https:\/\/collineduchene.com\/en\/wp-json\/wp\/v2\/pages\/476\/revisions\/922"}],"wp:attachment":[{"href":"https:\/\/collineduchene.com\/en\/wp-json\/wp\/v2\/media?parent=476"}],"curies":[{"name":"wp","href":"https:\/\/api.w.org\/{rel}","templated":true}]}}